{"id":5157,"date":"2026-04-02T20:16:36","date_gmt":"2026-04-02T18:16:36","guid":{"rendered":"https:\/\/juliachodor.com\/pl\/?page_id=5157"},"modified":"2026-04-02T20:16:36","modified_gmt":"2026-04-02T18:16:36","slug":"fotografia-buduarowa","status":"publish","type":"page","link":"https:\/\/juliachodor.com\/pl\/klienci-indywidualni\/fotografia-buduarowa\/","title":{"rendered":"Fotografia Buduarowa"},"content":{"rendered":"\n<hr class=\"wp-block-separator alignwide has-alpha-channel-opacity\"\/>\n\n\n\n<div class=\"wp-block-group alignwide is-layout-flow wp-block-group-is-layout-flow\">\n<p class=\"has-heading-font-family\">Ze wzgl\u0119du na prywatny charakter sesji buduarowych, zdj\u0119cia udost\u0119pniam do wgl\u0105du wy\u0142\u0105cznie podczas indywidualnych konsultacji. Zapraszam do rozmowy o Twojej wymarzonej sesji!<\/p>\n\n\n\n<div class=\"wp-block-buttons is-content-justification-center is-layout-flex wp-container-core-buttons-is-layout-a89b3969 wp-block-buttons-is-layout-flex\">\n<div class=\"wp-block-button\"><a class=\"wp-block-button__link wp-element-button\" href=\"https:\/\/juliachodor.com\/pl\/kontakt\/\">um\u00f3w si\u0119<\/a><\/div>\n<\/div>\n<\/div>\n\n\n\n<hr class=\"wp-block-separator alignwide has-alpha-channel-opacity\"\/>\n\n\n\n<p class=\"has-text-align-right has-small-font-size\"><a href=\"https:\/\/juliachodor.com\/pl\/klienci-indywidualni\/\">\u21b5\u00a0Powr\u00f3t<\/a><\/p>\n\n\n\n<p><\/p>\n","protected":false},"excerpt":{"rendered":"<p>Ze wzgl\u0119du na prywatny charakter sesji buduarowych, zdj\u0119cia udost\u0119pniam do wgl\u0105du wy\u0142\u0105cznie podczas indywidualnych konsultacji. Zapraszam do rozmowy o Twojej wymarzonej sesji! \u21b5\u00a0Powr\u00f3t<\/p>\n","protected":false},"author":1,"featured_media":0,"parent":328,"menu_order":0,"comment_status":"closed","ping_status":"closed","template":"","meta":{"ngg_post_thumbnail":0,"footnotes":"","_links_to":"","_links_to_target":""},"class_list":["post-5157","page","type-page","status-publish","hentry"],"_links":{"self":[{"href":"https:\/\/juliachodor.com\/pl\/wp-json\/wp\/v2\/pages\/5157","targetHints":{"allow":["GET"]}}],"collection":[{"href":"https:\/\/juliachodor.com\/pl\/wp-json\/wp\/v2\/pages"}],"about":[{"href":"https:\/\/juliachodor.com\/pl\/wp-json\/wp\/v2\/types\/page"}],"author":[{"embeddable":true,"href":"https:\/\/juliachodor.com\/pl\/wp-json\/wp\/v2\/users\/1"}],"replies":[{"embeddable":true,"href":"https:\/\/juliachodor.com\/pl\/wp-json\/wp\/v2\/comments?post=5157"}],"version-history":[{"count":1,"href":"https:\/\/juliachodor.com\/pl\/wp-json\/wp\/v2\/pages\/5157\/revisions"}],"predecessor-version":[{"id":5158,"href":"https:\/\/juliachodor.com\/pl\/wp-json\/wp\/v2\/pages\/5157\/revisions\/5158"}],"up":[{"embeddable":true,"href":"https:\/\/juliachodor.com\/pl\/wp-json\/wp\/v2\/pages\/328"}],"wp:attachment":[{"href":"https:\/\/juliachodor.com\/pl\/wp-json\/wp\/v2\/media?parent=5157"}],"curies":[{"name":"wp","href":"https:\/\/api.w.org\/{rel}","templated":true}]}}