{"id":4760,"date":"2026-03-24T15:37:52","date_gmt":"2026-03-24T14:37:52","guid":{"rendered":"https:\/\/juliachodor.com\/pl\/?page_id=4760"},"modified":"2026-03-24T15:37:52","modified_gmt":"2026-03-24T14:37:52","slug":"regulamin","status":"publish","type":"page","link":"https:\/\/juliachodor.com\/pl\/regulamin\/","title":{"rendered":"Regulamin"},"content":{"rendered":"\n<p class=\"has-heading-font-family\">Wszystkie zdj\u0119cia zamieszczone na stronie www.JuliaChodor.com stanowi\u0105 w\u0142asno\u015b\u0107 intelektualn\u0105 Julii Chodorowskiej i s\u0105 chronione polskimi i mi\u0119dzynarodowymi przepisami prawa autorskiego. Zdj\u0119cia nie mog\u0105 by\u0107 pobierane w inny spos\u00f3b ni\u017c poprzez standardowy proces przegl\u0105dania w przegl\u0105darce.<\/p>\n\n\n\n<p class=\"has-heading-font-family\">Zdj\u0119\u0107 nie wolno kopiowa\u0107, publikowa\u0107, reprodukowa\u0107, przechowywa\u0107, przetwarza\u0107, wy\u015bwietla\u0107 ani modyfikowa\u0107 w \u017caden inny spos\u00f3b, w tym mi\u0119dzy innymi digitalizowa\u0107 lub syntetyzowa\u0107, samodzielnie lub z jakimkolwiek innym materia\u0142em, za pomoc\u0105 komputera lub innych \u015brodk\u00f3w elektronicznych, ani w \u017caden inny spos\u00f3b lub spos\u00f3b znany obecnie lub w przysz\u0142o\u015bci, bez pisemnej zgody Julii Chodorowskiej i uiszczenia op\u0142aty lub uzgodnienia z ni\u0105.<\/p>\n\n\n\n<p class=\"has-heading-font-family\">Wchodz\u0105c na t\u0119 stron\u0119, zgadzasz si\u0119 na przestrzeganie warunk\u00f3w niniejszej umowy.<\/p>\n","protected":false},"excerpt":{"rendered":"<p>Wszystkie zdj\u0119cia zamieszczone na stronie www.JuliaChodor.com stanowi\u0105 w\u0142asno\u015b\u0107 intelektualn\u0105 Julii Chodorowskiej i s\u0105 chronione polskimi i mi\u0119dzynarodowymi przepisami prawa autorskiego. Zdj\u0119cia nie mog\u0105 by\u0107 pobierane w inny spos\u00f3b ni\u017c poprzez standardowy proces przegl\u0105dania w przegl\u0105darce. Zdj\u0119\u0107 nie wolno kopiowa\u0107, publikowa\u0107, reprodukowa\u0107, przechowywa\u0107, przetwarza\u0107, wy\u015bwietla\u0107 ani modyfikowa\u0107 w \u017caden inny spos\u00f3b, w tym mi\u0119dzy innymi digitalizowa\u0107 [&hellip;]<\/p>\n","protected":false},"author":1,"featured_media":0,"parent":0,"menu_order":0,"comment_status":"closed","ping_status":"closed","template":"","meta":{"ngg_post_thumbnail":0,"footnotes":"","_links_to":"","_links_to_target":""},"class_list":["post-4760","page","type-page","status-publish","hentry"],"_links":{"self":[{"href":"https:\/\/juliachodor.com\/pl\/wp-json\/wp\/v2\/pages\/4760","targetHints":{"allow":["GET"]}}],"collection":[{"href":"https:\/\/juliachodor.com\/pl\/wp-json\/wp\/v2\/pages"}],"about":[{"href":"https:\/\/juliachodor.com\/pl\/wp-json\/wp\/v2\/types\/page"}],"author":[{"embeddable":true,"href":"https:\/\/juliachodor.com\/pl\/wp-json\/wp\/v2\/users\/1"}],"replies":[{"embeddable":true,"href":"https:\/\/juliachodor.com\/pl\/wp-json\/wp\/v2\/comments?post=4760"}],"version-history":[{"count":1,"href":"https:\/\/juliachodor.com\/pl\/wp-json\/wp\/v2\/pages\/4760\/revisions"}],"predecessor-version":[{"id":4761,"href":"https:\/\/juliachodor.com\/pl\/wp-json\/wp\/v2\/pages\/4760\/revisions\/4761"}],"wp:attachment":[{"href":"https:\/\/juliachodor.com\/pl\/wp-json\/wp\/v2\/media?parent=4760"}],"curies":[{"name":"wp","href":"https:\/\/api.w.org\/{rel}","templated":true}]}}