{"id":4735,"date":"2026-03-24T14:32:27","date_gmt":"2026-03-24T13:32:27","guid":{"rendered":"https:\/\/juliachodor.com\/pl\/?page_id=4735"},"modified":"2026-03-24T15:14:46","modified_gmt":"2026-03-24T14:14:46","slug":"odbitki-zwykle","status":"publish","type":"page","link":"https:\/\/juliachodor.com\/pl\/odbitki-zwykle\/","title":{"rendered":"Odbitki zwyk\u0142e"},"content":{"rendered":"\n<div class=\"wp-block-columns is-layout-flex wp-container-core-columns-is-layout-28f84493 wp-block-columns-is-layout-flex\">\n<div class=\"wp-block-column is-layout-flow wp-block-column-is-layout-flow\"><\/div>\n<\/div>\n\n\n\n<div class=\"wp-block-columns alignwide is-layout-flex wp-container-core-columns-is-layout-28f84493 wp-block-columns-is-layout-flex\">\n<div class=\"wp-block-column is-vertically-aligned-stretch is-layout-flow wp-block-column-is-layout-flow\">\n<p class=\"has-heading-font-family\" style=\"font-size:clamp(0.929rem, 0.929rem + ((1vw - 0.2rem) * 0.785), 1.4rem);\">Niemal ka\u017cde uj\u0119cie, kt\u00f3re widzisz na stronie <strong>www.\u00a0JuliaChodor.com<\/strong>\u00a0oraz na moim<a href=\"https:\/\/juliachodor.com\/blog\/\">\u00a0<strong>BLOGu<\/strong><\/a>, mo\u017cesz zam\u00f3wi\u0107 w formie tradycyjnej odbitki. Wybierz sw\u00f3j ulubiony kadr i przenie\u015b go na papier.<\/p>\n<\/div>\n<\/div>\n\n\n\n<div class=\"wp-block-columns alignwide is-layout-flex wp-container-core-columns-is-layout-28f84493 wp-block-columns-is-layout-flex\">\n<div class=\"wp-block-column is-vertically-aligned-stretch is-layout-flow wp-block-column-is-layout-flow\">\n<h3 class=\"wp-block-heading has-base-2-background-color has-background has-medium-font-size\">Czym jest zwyk\u0142a odbitka?<\/h3>\n\n\n\n<p class=\"has-heading-font-family has-medium-font-size\">To wysokiej jako\u015bci wydruk zdj\u0119cia na wybranym przez Ciebie papierze fotograficznym. W przeciwie\u0144stwie do edycji kolekcjonerskich, nie jest ona limitowana ani sygnowana przez autora, co czyni j\u0105 opcj\u0105 znacznie bardziej przyst\u0119pn\u0105 cenowo.<\/p>\n\n\n\n<p class=\"has-heading-font-family has-medium-font-size\">Ceny zaczynaj\u0105 si\u0119 ju\u017c od 30 z\u0142, a ostateczny koszt zale\u017cy od wybranego formatu oraz rodzaju oprawy.<\/p>\n\n\n\n<h3 class=\"wp-block-heading has-base-2-background-color has-background has-medium-font-size\">Odbitka zwyk\u0142a czy kolekcjonerska \u2013 kt\u00f3ra jest dla Ciebie?<\/h3>\n\n\n\n<p class=\"has-heading-font-family has-medium-font-size\">G\u0142\u00f3wn\u0105 r\u00f3\u017cnic\u0105 jest brak limitacji i podpisu autora, co sprawia, \u017ce zwyk\u0142a odbitka posiada ni\u017csz\u0105 warto\u015b\u0107 inwestycyjn\u0105. Je\u015bli jednak Twoim celem nie jest lokowanie du\u017cego kapita\u0142u w sztuce, a po prostu chcesz cieszy\u0107 si\u0119 pi\u0119knym obrazem w swoim wn\u0119trzu, zwyk\u0142a odbitka b\u0119dzie idealnym wyborem.<\/p>\n\n\n\n<h3 class=\"wp-block-heading has-base-2-background-color has-background has-medium-font-size\">Dlaczego warto zakupi\u0107 zwyk\u0142\u0105 odbitk\u0119?<\/h3>\n\n\n\n<ul class=\"wp-block-list\">\n<li class=\"has-heading-font-family has-medium-font-size\"><strong>Szybka i efektowna metamorfoza wn\u0119trza<\/strong> &#8211; to najta\u0144szy spos\u00f3b, by nada\u0107 pomieszczeniu dusz\u0119. Wykorzystanie szlachetnego papieru sprawia, \u017ce fotografia prezentuje si\u0119 wyj\u0105tkowo, nadaj\u0105c wn\u0119trzu styl i charakter przy minimalnym nak\u0142adzie finansowym.<\/li>\n\n\n\n<li class=\"has-heading-font-family has-medium-font-size\"><strong>Oryginalny prezent na ka\u017cd\u0105 kiesze\u0144<\/strong> &#8211; szukasz nieszablonowego upominku, kt\u00f3ry nie zrujnuje Twojego bud\u017cetu? Zdj\u0119cie na papierze wysokiej klasy to elegancki i osobisty prezent, kt\u00f3ry z pewno\u015bci\u0105 zapadnie w pami\u0119\u0107.<\/li>\n\n\n\n<li class=\"has-heading-font-family has-medium-font-size\"><strong>Idealne rozwi\u0105zanie dla dekorator\u00f3w<\/strong> &#8211; jako architekt lub dekorator mo\u017cesz zaproponowa\u0107 klientowi szybkie i bud\u017cetowe wype\u0142nienie \u015bcian. To doskona\u0142y \u201epierwszy krok\u201d \u2013 pokoje natychmiast staj\u0105 si\u0119 przytulne, a z czasem klient mo\u017ce wymieni\u0107 je na odbitki kolekcjonerskie.<\/li>\n<\/ul>\n<\/div>\n<\/div>\n\n\n\n<hr class=\"wp-block-separator has-alpha-channel-opacity is-style-wide\"\/>\n\n\n\n<p><\/p>\n\n\n\n<p><\/p>\n\n\n\n<p><\/p>\n\n\n\n<p><\/p>\n","protected":false},"excerpt":{"rendered":"<p>Niemal ka\u017cde uj\u0119cie, kt\u00f3re widzisz na stronie www.\u00a0JuliaChodor.com\u00a0oraz na moim\u00a0BLOGu, mo\u017cesz zam\u00f3wi\u0107 w formie tradycyjnej odbitki. Wybierz sw\u00f3j ulubiony kadr i przenie\u015b go na papier. Czym jest zwyk\u0142a odbitka? To wysokiej jako\u015bci wydruk zdj\u0119cia na wybranym przez Ciebie papierze fotograficznym. W przeciwie\u0144stwie do edycji kolekcjonerskich, nie jest ona limitowana ani sygnowana przez autora, co czyni [&hellip;]<\/p>\n","protected":false},"author":1,"featured_media":0,"parent":0,"menu_order":0,"comment_status":"closed","ping_status":"closed","template":"","meta":{"ngg_post_thumbnail":0,"footnotes":"","_links_to":"","_links_to_target":""},"class_list":["post-4735","page","type-page","status-publish","hentry"],"_links":{"self":[{"href":"https:\/\/juliachodor.com\/pl\/wp-json\/wp\/v2\/pages\/4735","targetHints":{"allow":["GET"]}}],"collection":[{"href":"https:\/\/juliachodor.com\/pl\/wp-json\/wp\/v2\/pages"}],"about":[{"href":"https:\/\/juliachodor.com\/pl\/wp-json\/wp\/v2\/types\/page"}],"author":[{"embeddable":true,"href":"https:\/\/juliachodor.com\/pl\/wp-json\/wp\/v2\/users\/1"}],"replies":[{"embeddable":true,"href":"https:\/\/juliachodor.com\/pl\/wp-json\/wp\/v2\/comments?post=4735"}],"version-history":[{"count":5,"href":"https:\/\/juliachodor.com\/pl\/wp-json\/wp\/v2\/pages\/4735\/revisions"}],"predecessor-version":[{"id":4752,"href":"https:\/\/juliachodor.com\/pl\/wp-json\/wp\/v2\/pages\/4735\/revisions\/4752"}],"wp:attachment":[{"href":"https:\/\/juliachodor.com\/pl\/wp-json\/wp\/v2\/media?parent=4735"}],"curies":[{"name":"wp","href":"https:\/\/api.w.org\/{rel}","templated":true}]}}