{"id":4670,"date":"2026-01-07T19:24:59","date_gmt":"2026-01-07T18:24:59","guid":{"rendered":"https:\/\/juliachodor.com\/pl\/?page_id=4670"},"modified":"2026-03-24T14:19:18","modified_gmt":"2026-03-24T13:19:18","slug":"fotografia-kolekcjonerska","status":"publish","type":"page","link":"https:\/\/juliachodor.com\/pl\/fotografia-kolekcjonerska\/","title":{"rendered":"Fotografia kolekcjonerska"},"content":{"rendered":"\n<div class=\"wp-block-columns alignwide is-layout-flex wp-container-core-columns-is-layout-28f84493 wp-block-columns-is-layout-flex\">\n<div class=\"wp-block-column is-layout-flow wp-block-column-is-layout-flow\">\n<h3 class=\"wp-block-heading alignwide has-base-2-background-color has-background has-medium-font-size\">Jak powstaje fotografia kolekcjonerska?<\/h3>\n\n\n\n<p class=\"has-heading-font-family has-medium-font-size\">Starannie wyselekcjonowany surowy plik cyfrowy to dopiero pocz\u0105tek. Proces dopracowywania pojedynczego obrazu mo\u017ce trwa\u0107 latami i by\u0107 por\u00f3wnany do pracy artysty malarza. To czas sp\u0119dzony na poszukiwaniu najlepszego sposobu na oddanie wizji artystycznej, aby przekaz p\u0142yn\u0105cy ze zdj\u0119cia by\u0142 kompletny i autentyczny. Tylko nieliczne uj\u0119cia awansuj\u0105 do miana dzie\u0142a sztuki.<\/p>\n\n\n\n<h2 class=\"wp-block-heading alignwide has-base-2-background-color has-background has-medium-font-size\">Wzrost warto\u015bci odbitki<\/h2>\n\n\n\n<p class=\"has-heading-font-family has-medium-font-size\">Zabezpieczaj\u0105c Pa\u0144stwa inwestycj\u0119, stosuj\u0119 zasad\u0119:<\/p>\n\n\n\n<ul class=\"wp-block-list\">\n<li class=\"has-heading-font-family has-medium-font-size\"><strong>ka\u017cda kolejna odbitka z serii sprzedawana jest dro\u017cej od poprzedniej<\/strong>. To sprawia, \u017ce ka\u017cda praca jest unikatowa i zyskuje na warto\u015bci w czasie.<\/li>\n\n\n\n<li class=\"has-heading-font-family has-medium-font-size\">fotografie drukowane s\u0105 w \u015bci\u015ble limitowanych i numerowanych seriach tak jak w przypadku linoryt\u00f3w.<\/li>\n<\/ul>\n\n\n\n<h3 class=\"wp-block-heading alignwide has-base-2-background-color has-background has-heading-font-family has-medium-font-size\">Gwarancja Autentyczno\u015bci i Jako\u015bci<\/h3>\n\n\n\n<ul class=\"wp-block-list\">\n<li class=\"has-heading-font-family has-medium-font-size\">Osobi\u015bcie nadzoruj\u0119 ka\u017cdy etap powstawania odbitki. <\/li>\n\n\n\n<li class=\"has-heading-font-family has-medium-font-size\">Ka\u017cdy wydruk, wykonany na najwy\u017cszej klasy materia\u0142ach archiwalnych.<\/li>\n\n\n\n<li class=\"has-heading-font-family has-medium-font-size\">Wszystkie fotografie kolekcjonerskie s\u0105 przeze mnie sygnowane.<\/li>\n\n\n\n<li class=\"has-heading-font-family has-medium-font-size\">Autentyczno\u015b\u0107 i najwy\u017csz\u0105 jako\u015b\u0107 potwierdza r\u00f3wnie\u017c presti\u017cowy certyfikat&nbsp;<strong>Epson Digigraphie\u00ae<\/strong>. To gwarancja dla kolekcjonera, \u017ce praca spe\u0142nia rygorystyczne normy trwa\u0142o\u015bci, wierno\u015bci barw i unikatowo\u015bci na rynku sztuki.<\/li>\n<\/ul>\n<\/div>\n<\/div>\n\n\n\n<div class=\"wp-block-columns alignwide is-layout-flex wp-container-core-columns-is-layout-28f84493 wp-block-columns-is-layout-flex\" style=\"box-shadow:var(--wp--preset--shadow--natural)\">\n<div class=\"wp-block-column is-layout-flow wp-block-column-is-layout-flow\">\n<h2 class=\"wp-block-heading has-text-align-center has-heading-font-family has-large-font-size\">Zapraszam do \u015bwiata, w kt\u00f3rym fotografia staje si\u0119 starannie wypracowanym dzie\u0142em sztuki.<\/h2>\n<\/div>\n<\/div>\n\n\n\n<div class=\"wp-block-media-text alignwide is-stacked-on-mobile\" style=\"grid-template-columns:30% auto\"><figure class=\"wp-block-media-text__media\"><img loading=\"lazy\" decoding=\"async\" width=\"1024\" height=\"683\" src=\"https:\/\/juliachodor.com\/pl\/wp-content\/uploads\/180125_JBC_064-1024x683.jpg\" alt=\"\" class=\"wp-image-4687 size-full\" srcset=\"https:\/\/juliachodor.com\/pl\/wp-content\/uploads\/180125_JBC_064-1024x683.jpg 1024w, https:\/\/juliachodor.com\/pl\/wp-content\/uploads\/180125_JBC_064-300x200.jpg 300w, https:\/\/juliachodor.com\/pl\/wp-content\/uploads\/180125_JBC_064-768x512.jpg 768w, https:\/\/juliachodor.com\/pl\/wp-content\/uploads\/180125_JBC_064.jpg 1500w\" sizes=\"auto, (max-width: 1024px) 100vw, 1024px\" \/><\/figure><div class=\"wp-block-media-text__content\">\n<div class=\"wp-block-columns is-layout-flex wp-container-core-columns-is-layout-28f84493 wp-block-columns-is-layout-flex\">\n<div class=\"wp-block-column is-layout-flow wp-block-column-is-layout-flow\">\n<ul class=\"wp-block-list\">\n<li class=\"has-heading-font-family\">odbitka kolekcjonerska<\/li>\n\n\n\n<li class=\"has-heading-font-family has-medium-font-size\">nr katalogowy: 180125_JBC_064<\/li>\n\n\n\n<li class=\"has-heading-font-family has-medium-font-size\">negatyw cyfrowy<\/li>\n\n\n\n<li class=\"has-heading-font-family has-medium-font-size\">odbitka wsp\u00f3\u0142czesna<\/li>\n\n\n\n<li class=\"has-heading-font-family has-medium-font-size\">wydruk na papierze Canson PrintMaKingRag 310 gsm<\/li>\n\n\n\n<li class=\"has-heading-font-family has-medium-font-size\">pigment UltraChrome HDX<\/li>\n\n\n\n<li class=\"has-heading-font-family has-medium-font-size\">certyfikat Epson Digigraphie<\/li>\n<\/ul>\n<\/div>\n\n\n\n<div class=\"wp-block-column is-layout-flow wp-block-column-is-layout-flow\">\n<p class=\"has-heading-font-family\">Fotografia pochodzi z roku 2018 i zosta\u0142a wykonana w Hiszpanii w mie\u015bcie Los Alc\u00e1zares. Przedstawia zniszczony pomost, na kt\u00f3rym znajduj\u0105 si\u0119 sieci rybackie. W kr\u00f3tce potem zosta\u0142 on rozebrany. <\/p>\n<\/div>\n<\/div>\n<\/div><\/div>\n\n\n\n<hr class=\"wp-block-separator alignwide has-text-color has-contrast-3-color has-alpha-channel-opacity has-contrast-3-background-color has-background is-style-wide\"\/>\n\n\n\n<div class=\"wp-block-media-text alignwide is-stacked-on-mobile\" style=\"grid-template-columns:30% auto\"><figure class=\"wp-block-media-text__media\"><img loading=\"lazy\" decoding=\"async\" width=\"1024\" height=\"683\" src=\"https:\/\/juliachodor.com\/pl\/wp-content\/uploads\/210130_JBC_7231-Edit-1024x683.jpg\" alt=\"\" class=\"wp-image-4689 size-full\" srcset=\"https:\/\/juliachodor.com\/pl\/wp-content\/uploads\/210130_JBC_7231-Edit-1024x683.jpg 1024w, https:\/\/juliachodor.com\/pl\/wp-content\/uploads\/210130_JBC_7231-Edit-300x200.jpg 300w, https:\/\/juliachodor.com\/pl\/wp-content\/uploads\/210130_JBC_7231-Edit-768x512.jpg 768w, https:\/\/juliachodor.com\/pl\/wp-content\/uploads\/210130_JBC_7231-Edit.jpg 1500w\" sizes=\"auto, (max-width: 1024px) 100vw, 1024px\" \/><\/figure><div class=\"wp-block-media-text__content\">\n<div class=\"wp-block-columns is-layout-flex wp-container-core-columns-is-layout-28f84493 wp-block-columns-is-layout-flex\">\n<div class=\"wp-block-column is-layout-flow wp-block-column-is-layout-flow\">\n<ul class=\"wp-block-list\">\n<li class=\"has-heading-font-family\">odbitka kolekcjonerska<\/li>\n\n\n\n<li class=\"has-heading-font-family has-medium-font-size\">nr katalogowy: 210130_JBC_7231<\/li>\n\n\n\n<li class=\"has-heading-font-family has-medium-font-size\">negatyw cyfrowy<\/li>\n\n\n\n<li class=\"has-heading-font-family has-medium-font-size\">odbitka wsp\u00f3\u0142czesna<\/li>\n\n\n\n<li class=\"has-heading-font-family has-medium-font-size\">wydruk na papierze Canson PrintMaKingRag 310 gsm<\/li>\n\n\n\n<li class=\"has-heading-font-family has-medium-font-size\">pigment UltraChrome HDX<\/li>\n\n\n\n<li class=\"has-heading-font-family has-medium-font-size\">certyfikat Epson Digigraphie<\/li>\n<\/ul>\n<\/div>\n\n\n\n<div class=\"wp-block-column is-layout-flow wp-block-column-is-layout-flow\">\n<p class=\"has-heading-font-family\">Fotografia pochodzi z 2021 roku. By\u0142a zainspirowana tw\u00f3rczo\u015bci\u0105 innego wybitnego polskiego fotografika Edwarda Hartwiga.<\/p>\n<\/div>\n<\/div>\n<\/div><\/div>\n\n\n\n<hr class=\"wp-block-separator alignwide has-text-color has-contrast-3-color has-alpha-channel-opacity has-contrast-3-background-color has-background is-style-wide\"\/>\n\n\n\n<div class=\"wp-block-media-text alignwide is-stacked-on-mobile\" style=\"grid-template-columns:30% auto\"><figure class=\"wp-block-media-text__media\"><img loading=\"lazy\" decoding=\"async\" width=\"1024\" height=\"683\" src=\"https:\/\/juliachodor.com\/pl\/wp-content\/uploads\/140518_JBC_072-1024x683.jpg\" alt=\"nr katalogowy 140518_JBC_072\" class=\"wp-image-4686 size-full\" srcset=\"https:\/\/juliachodor.com\/pl\/wp-content\/uploads\/140518_JBC_072-1024x683.jpg 1024w, https:\/\/juliachodor.com\/pl\/wp-content\/uploads\/140518_JBC_072-300x200.jpg 300w, https:\/\/juliachodor.com\/pl\/wp-content\/uploads\/140518_JBC_072-768x512.jpg 768w, https:\/\/juliachodor.com\/pl\/wp-content\/uploads\/140518_JBC_072.jpg 1500w\" sizes=\"auto, (max-width: 1024px) 100vw, 1024px\" \/><\/figure><div class=\"wp-block-media-text__content\">\n<div class=\"wp-block-columns is-layout-flex wp-container-core-columns-is-layout-28f84493 wp-block-columns-is-layout-flex\">\n<div class=\"wp-block-column is-layout-flow wp-block-column-is-layout-flow\">\n<ul class=\"wp-block-list\">\n<li class=\"has-heading-font-family\">odbitka kolekcjonerska<\/li>\n\n\n\n<li class=\"has-heading-font-family has-medium-font-size\">nr katalogowy: 140518_JBC_072<\/li>\n\n\n\n<li class=\"has-heading-font-family has-medium-font-size\">negatyw cyfrowy<\/li>\n\n\n\n<li class=\"has-heading-font-family has-medium-font-size\">odbitka wsp\u00f3\u0142czesna<\/li>\n\n\n\n<li class=\"has-heading-font-family has-medium-font-size\">wydruk na papierze Canson PrintMaKingRag 310 gsm<\/li>\n\n\n\n<li class=\"has-heading-font-family has-medium-font-size\">pigment UltraChrome HDX<\/li>\n\n\n\n<li class=\"has-heading-font-family has-medium-font-size\">certyfikat Epson Digigraphie<\/li>\n<\/ul>\n<\/div>\n\n\n\n<div class=\"wp-block-column is-layout-flow wp-block-column-is-layout-flow\">\n<p class=\"has-heading-font-family has-medium-font-size\">Fotografia pochodzi z roku 2014 i zosta\u0142a wykonana w Hiszpanii. przedstawia \u0142\u0105k\u0119 kwietn\u0105.<\/p>\n<\/div>\n<\/div>\n<\/div><\/div>\n\n\n\n<hr class=\"wp-block-separator alignwide has-text-color has-contrast-3-color has-alpha-channel-opacity has-contrast-3-background-color has-background\"\/>\n\n\n\n<div class=\"wp-block-media-text alignwide is-stacked-on-mobile\" style=\"grid-template-columns:30% auto\"><figure class=\"wp-block-media-text__media\"><img loading=\"lazy\" decoding=\"async\" width=\"1024\" height=\"683\" src=\"https:\/\/juliachodor.com\/pl\/wp-content\/uploads\/201025_JBC_4939-2-1024x683.jpg\" alt=\"\" class=\"wp-image-4690 size-full\" srcset=\"https:\/\/juliachodor.com\/pl\/wp-content\/uploads\/201025_JBC_4939-2-1024x683.jpg 1024w, https:\/\/juliachodor.com\/pl\/wp-content\/uploads\/201025_JBC_4939-2-300x200.jpg 300w, https:\/\/juliachodor.com\/pl\/wp-content\/uploads\/201025_JBC_4939-2-768x512.jpg 768w, https:\/\/juliachodor.com\/pl\/wp-content\/uploads\/201025_JBC_4939-2.jpg 1500w\" sizes=\"auto, (max-width: 1024px) 100vw, 1024px\" \/><\/figure><div class=\"wp-block-media-text__content\">\n<div class=\"wp-block-columns is-layout-flex wp-container-core-columns-is-layout-28f84493 wp-block-columns-is-layout-flex\">\n<div class=\"wp-block-column is-layout-flow wp-block-column-is-layout-flow\">\n<ul class=\"wp-block-list\">\n<li class=\"has-heading-font-family\">odbitka kolekcjonerska<\/li>\n\n\n\n<li class=\"has-heading-font-family has-medium-font-size\">nr katalogowy: 180125_JBC_064<\/li>\n\n\n\n<li class=\"has-heading-font-family has-medium-font-size\">negatyw cyfrowy<\/li>\n\n\n\n<li class=\"has-heading-font-family has-medium-font-size\">odbitka wsp\u00f3\u0142czesna<\/li>\n\n\n\n<li class=\"has-heading-font-family has-medium-font-size\">wydruk na papierze Canson PrintMaKingRag 310 gsm<\/li>\n\n\n\n<li class=\"has-heading-font-family has-medium-font-size\">pigment UltraChrome HDX<\/li>\n\n\n\n<li class=\"has-heading-font-family has-medium-font-size\">certyfikat Epson Digigraphie<\/li>\n<\/ul>\n<\/div>\n\n\n\n<div class=\"wp-block-column is-layout-flow wp-block-column-is-layout-flow\">\n<p class=\"has-heading-font-family\">Fotografia zosta\u0142a wykonana w 2020 roku w Polsce, w warszawskim Parku S\u0142u\u017cewieckim na Mokotowie. Zdj\u0119cie przedstawia alej\u0119 starych brz\u00f3z.<\/p>\n<\/div>\n<\/div>\n<\/div><\/div>\n\n\n\n<hr class=\"wp-block-separator alignwide has-text-color has-contrast-3-color has-alpha-channel-opacity has-contrast-3-background-color has-background is-style-wide\"\/>\n\n\n\n<div class=\"wp-block-media-text alignwide is-stacked-on-mobile\" style=\"grid-template-columns:30% auto\"><figure class=\"wp-block-media-text__media\"><img loading=\"lazy\" decoding=\"async\" width=\"1024\" height=\"683\" src=\"https:\/\/juliachodor.com\/pl\/wp-content\/uploads\/210130_JBC_6811-1024x683.jpg\" alt=\"\" class=\"wp-image-4688 size-full\" srcset=\"https:\/\/juliachodor.com\/pl\/wp-content\/uploads\/210130_JBC_6811-1024x683.jpg 1024w, https:\/\/juliachodor.com\/pl\/wp-content\/uploads\/210130_JBC_6811-300x200.jpg 300w, https:\/\/juliachodor.com\/pl\/wp-content\/uploads\/210130_JBC_6811-768x512.jpg 768w, https:\/\/juliachodor.com\/pl\/wp-content\/uploads\/210130_JBC_6811.jpg 1500w\" sizes=\"auto, (max-width: 1024px) 100vw, 1024px\" \/><\/figure><div class=\"wp-block-media-text__content\">\n<div class=\"wp-block-columns is-layout-flex wp-container-core-columns-is-layout-28f84493 wp-block-columns-is-layout-flex\">\n<div class=\"wp-block-column is-layout-flow wp-block-column-is-layout-flow\">\n<ul class=\"wp-block-list\">\n<li class=\"has-heading-font-family\">odbitka kolekcjonerska<\/li>\n\n\n\n<li class=\"has-heading-font-family has-medium-font-size\">nr katalogowy: 210130_JBC_6811<\/li>\n\n\n\n<li class=\"has-heading-font-family has-medium-font-size\">negatyw cyfrowy<\/li>\n\n\n\n<li class=\"has-heading-font-family has-medium-font-size\">odbitka wsp\u00f3\u0142czesna<\/li>\n\n\n\n<li class=\"has-heading-font-family has-medium-font-size\">wydruk na papierze Canson PrintMaKingRag 310 gsm<\/li>\n\n\n\n<li class=\"has-heading-font-family has-medium-font-size\">pigment UltraChrome HDX<\/li>\n\n\n\n<li class=\"has-heading-font-family has-medium-font-size\">certyfikat Epson Digigraphie<\/li>\n<\/ul>\n<\/div>\n\n\n\n<div class=\"wp-block-column is-layout-flow wp-block-column-is-layout-flow\">\n<p class=\"has-heading-font-family\">Fotografia pochodzi z serii &#8220;Zimowe Portrety Natury&#8221; i zosta\u0142a wykonana w 2021 roku w Polsce, na warszawskim Mokotowie. To jedno z tych zdj\u0119\u0107, kt\u00f3re u\u015bwiadamia nam, \u017ce warto zauwa\u017ca\u0107 i docenia\u0107 to, co  blisko nas.<\/p>\n<\/div>\n<\/div>\n<\/div><\/div>\n\n\n\n<hr class=\"wp-block-separator has-text-color has-contrast-3-color has-alpha-channel-opacity has-contrast-3-background-color has-background is-style-wide\"\/>\n\n\n\n<hr class=\"wp-block-separator has-text-color has-contrast-3-color has-alpha-channel-opacity has-contrast-3-background-color has-background\"\/>\n\n\n\n<p class=\"has-base-color has-base-background-color has-text-color has-background has-link-color has-heading-font-family wp-elements-aab4af1bad4acc3bb2fd85075b9be98e\" style=\"font-size:0.4rem\">Zakup fotografii i odbitek kolekcjonerskich autorstwa&nbsp;<strong>Julii Chodor-Chodorowskiej<\/strong>&nbsp;to nie tylko decyzja estetyczna, ale r\u00f3wnie\u017c przemy\u015blany krok kapita\u0142owy. W dobie rosn\u0105cego zainteresowania rynkiem sztuki, prace artystki stanowi\u0105 atrakcyjn\u0105 alternatyw\u0119 dla tradycyjnych form lokowania \u015brodk\u00f3w.<\/p>\n\n\n\n<p class=\"has-base-color has-base-background-color has-text-color has-background has-link-color has-heading-font-family wp-elements-aec7635b43b2d5f50e4a05307533fd12\" style=\"font-size:4px\">Oto kluczowe powody, dla kt\u00f3rych warto zainwestowa\u0107 w jej tw\u00f3rczo\u015b\u0107:<\/p>\n\n\n\n<p class=\"has-base-color has-base-background-color has-text-color has-background has-link-color has-heading-font-family wp-elements-38c9f50fe1c51021921ae1fd6edab5bb\" style=\"font-size:4px\">Wyb\u00f3r prac Julii Chodor-Chodorowskiej to po\u0142\u0105czenie pasji do pi\u0119kna z pragmatyzmem inwestycyjnym. To szansa na nabycie dzie\u0142a, kt\u00f3re b\u0119dzie cieszy\u0107 oko dzi\u015b, a w przysz\u0142o\u015bci mo\u017ce stanowi\u0107 istotny sk\u0142adnik maj\u0105tk<\/p>\n\n\n\n<p><\/p>\n","protected":false},"excerpt":{"rendered":"<p>Jak powstaje fotografia kolekcjonerska? Starannie wyselekcjonowany surowy plik cyfrowy to dopiero pocz\u0105tek. Proces dopracowywania pojedynczego obrazu mo\u017ce trwa\u0107 latami i by\u0107 por\u00f3wnany do pracy artysty malarza. To czas sp\u0119dzony na poszukiwaniu najlepszego sposobu na oddanie wizji artystycznej, aby przekaz p\u0142yn\u0105cy ze zdj\u0119cia by\u0142 kompletny i autentyczny. Tylko nieliczne uj\u0119cia awansuj\u0105 do miana dzie\u0142a sztuki. Wzrost [&hellip;]<\/p>\n","protected":false},"author":1,"featured_media":0,"parent":0,"menu_order":0,"comment_status":"closed","ping_status":"closed","template":"","meta":{"ngg_post_thumbnail":0,"footnotes":"","_links_to":"","_links_to_target":""},"class_list":["post-4670","page","type-page","status-publish","hentry"],"_links":{"self":[{"href":"https:\/\/juliachodor.com\/pl\/wp-json\/wp\/v2\/pages\/4670","targetHints":{"allow":["GET"]}}],"collection":[{"href":"https:\/\/juliachodor.com\/pl\/wp-json\/wp\/v2\/pages"}],"about":[{"href":"https:\/\/juliachodor.com\/pl\/wp-json\/wp\/v2\/types\/page"}],"author":[{"embeddable":true,"href":"https:\/\/juliachodor.com\/pl\/wp-json\/wp\/v2\/users\/1"}],"replies":[{"embeddable":true,"href":"https:\/\/juliachodor.com\/pl\/wp-json\/wp\/v2\/comments?post=4670"}],"version-history":[{"count":38,"href":"https:\/\/juliachodor.com\/pl\/wp-json\/wp\/v2\/pages\/4670\/revisions"}],"predecessor-version":[{"id":4740,"href":"https:\/\/juliachodor.com\/pl\/wp-json\/wp\/v2\/pages\/4670\/revisions\/4740"}],"wp:attachment":[{"href":"https:\/\/juliachodor.com\/pl\/wp-json\/wp\/v2\/media?parent=4670"}],"curies":[{"name":"wp","href":"https:\/\/api.w.org\/{rel}","templated":true}]}}