{"id":4598,"date":"2026-01-06T15:02:44","date_gmt":"2026-01-06T14:02:44","guid":{"rendered":"https:\/\/juliachodor.com\/pl\/?page_id=4598"},"modified":"2026-01-06T18:26:45","modified_gmt":"2026-01-06T17:26:45","slug":"fotografia-komunijna","status":"publish","type":"page","link":"https:\/\/juliachodor.com\/pl\/fotografia-komunijna\/","title":{"rendered":"Fotografia Komunijna"},"content":{"rendered":"\n<div class=\"wp-block-media-text alignwide is-stacked-on-mobile is-vertically-aligned-center\" style=\"grid-template-columns:25% auto\"><figure class=\"wp-block-media-text__media\"><video controls src=\"https:\/\/juliachodor.com\/pl\/wp-content\/uploads\/album-magda.mp4\"><\/video><\/figure><div class=\"wp-block-media-text__content\">\n<p class=\"has-heading-font-family has-medium-font-size\">Fotografia komunijna to co\u015b wi\u0119cej ni\u017c tylko dokumentacja uroczysto\u015bci \u2013 to uchwycenie emocji, powagi i rado\u015bci, kt\u00f3re towarzysz\u0105 dziecku w tym wyj\u0105tkowym dniu. Pierwsza Komunia \u015awi\u0119ta zdarza si\u0119 tylko raz w \u017cyciu, dlatego warto zadba\u0107 o to, aby wspomnienia z tego okresu zyska\u0142y opraw\u0119 godn\u0105 ich znaczenia.<\/p>\n\n\n\n<h4 class=\"wp-block-heading has-base-2-background-color has-background has-medium-font-size\"><strong><em>Pami\u0105tka na ca\u0142e \u017cycie<\/em><\/strong><\/h4>\n\n\n\n<p class=\"has-heading-font-family has-medium-font-size\">Idealnym sposobem na zachowanie tych chwil jest&nbsp;<strong>spersonalizowany album komunijn<\/strong>y. Zawiera on wszystkie najwa\u017cniejsze uj\u0119cia w jednym, eleganckim miejscu. Co istotne, do projektu mog\u0105 zosta\u0107 w\u0142\u0105czone tak\u017ce warto\u015bciowe zdj\u0119cia wykonane przez innych fotograf\u00f3w lub cz\u0142onk\u00f3w rodziny. Dzi\u0119ki temu otrzymuj\u0105 Pa\u0144stwo kompletn\u0105 histori\u0119 zamkni\u0119t\u0105 w sp\u00f3jnej formie.<\/p>\n<\/div><\/div>\n\n\n\n<div class=\"wp-block-columns alignwide is-layout-flex wp-container-core-columns-is-layout-28f84493 wp-block-columns-is-layout-flex\">\n<div class=\"wp-block-column is-layout-flow wp-block-column-is-layout-flow\" style=\"flex-basis:50%\">\n<div class=\"wp-block-group alignwide has-global-padding is-layout-constrained wp-block-group-is-layout-constrained\">\n<figure class=\"wp-block-image aligncenter size-large\"><img loading=\"lazy\" decoding=\"async\" width=\"1000\" height=\"667\" src=\"https:\/\/juliachodor.com\/pl\/wp-content\/uploads\/220611_JBC_6627-2.jpg\" alt=\"fotografia komunijna, komunia, zdj\u0119cia z komunii\" class=\"wp-image-4217\" srcset=\"https:\/\/juliachodor.com\/pl\/wp-content\/uploads\/220611_JBC_6627-2.jpg 1000w, https:\/\/juliachodor.com\/pl\/wp-content\/uploads\/220611_JBC_6627-2-300x200.jpg 300w, https:\/\/juliachodor.com\/pl\/wp-content\/uploads\/220611_JBC_6627-2-768x512.jpg 768w\" sizes=\"auto, (max-width: 1000px) 100vw, 1000px\" \/><\/figure>\n\n\n\n<figure class=\"wp-block-image aligncenter size-large\"><img loading=\"lazy\" decoding=\"async\" width=\"1000\" height=\"667\" src=\"https:\/\/juliachodor.com\/pl\/wp-content\/uploads\/220528_JBC_6336.jpg\" alt=\"fotografia komunijna, komunia, zdj\u0119cia z komunii\" class=\"wp-image-4212\" srcset=\"https:\/\/juliachodor.com\/pl\/wp-content\/uploads\/220528_JBC_6336.jpg 1000w, https:\/\/juliachodor.com\/pl\/wp-content\/uploads\/220528_JBC_6336-300x200.jpg 300w, https:\/\/juliachodor.com\/pl\/wp-content\/uploads\/220528_JBC_6336-768x512.jpg 768w\" sizes=\"auto, (max-width: 1000px) 100vw, 1000px\" \/><\/figure>\n\n\n\n<figure class=\"wp-block-image aligncenter size-large\"><img loading=\"lazy\" decoding=\"async\" width=\"1000\" height=\"667\" src=\"https:\/\/juliachodor.com\/pl\/wp-content\/uploads\/230611_JBC_7534_n.jpg\" alt=\"fotografia komunijna, komunia, zdj\u0119cia z komunii\" class=\"wp-image-4229\" srcset=\"https:\/\/juliachodor.com\/pl\/wp-content\/uploads\/230611_JBC_7534_n.jpg 1000w, https:\/\/juliachodor.com\/pl\/wp-content\/uploads\/230611_JBC_7534_n-300x200.jpg 300w, https:\/\/juliachodor.com\/pl\/wp-content\/uploads\/230611_JBC_7534_n-768x512.jpg 768w\" sizes=\"auto, (max-width: 1000px) 100vw, 1000px\" \/><\/figure>\n\n\n\n<figure class=\"wp-block-image aligncenter size-large\"><img loading=\"lazy\" decoding=\"async\" width=\"1000\" height=\"667\" src=\"https:\/\/juliachodor.com\/pl\/wp-content\/uploads\/220528_JBC_6329.jpg\" alt=\"fotografia komunijna, komunia, zdj\u0119cia z komunii\" class=\"wp-image-4211\" srcset=\"https:\/\/juliachodor.com\/pl\/wp-content\/uploads\/220528_JBC_6329.jpg 1000w, https:\/\/juliachodor.com\/pl\/wp-content\/uploads\/220528_JBC_6329-300x200.jpg 300w, https:\/\/juliachodor.com\/pl\/wp-content\/uploads\/220528_JBC_6329-768x512.jpg 768w\" sizes=\"auto, (max-width: 1000px) 100vw, 1000px\" \/><\/figure>\n\n\n\n<figure class=\"wp-block-image aligncenter size-large\"><img loading=\"lazy\" decoding=\"async\" width=\"667\" height=\"1000\" src=\"https:\/\/juliachodor.com\/pl\/wp-content\/uploads\/250524_JBC_7219.jpg\" alt=\"fotografia komunijna, komunia, zdj\u0119cia z komunii\" class=\"wp-image-4240\" srcset=\"https:\/\/juliachodor.com\/pl\/wp-content\/uploads\/250524_JBC_7219.jpg 667w, https:\/\/juliachodor.com\/pl\/wp-content\/uploads\/250524_JBC_7219-200x300.jpg 200w\" sizes=\"auto, (max-width: 667px) 100vw, 667px\" \/><\/figure>\n\n\n\n<figure class=\"wp-block-image aligncenter size-large\"><img loading=\"lazy\" decoding=\"async\" width=\"1000\" height=\"667\" src=\"https:\/\/juliachodor.com\/pl\/wp-content\/uploads\/230611_JBC_7499_2_n.jpg\" alt=\"fotografia komunijna, komunia, zdj\u0119cia z komunii\" class=\"wp-image-4228\" srcset=\"https:\/\/juliachodor.com\/pl\/wp-content\/uploads\/230611_JBC_7499_2_n.jpg 1000w, https:\/\/juliachodor.com\/pl\/wp-content\/uploads\/230611_JBC_7499_2_n-300x200.jpg 300w, https:\/\/juliachodor.com\/pl\/wp-content\/uploads\/230611_JBC_7499_2_n-768x512.jpg 768w\" sizes=\"auto, (max-width: 1000px) 100vw, 1000px\" \/><\/figure>\n\n\n\n<figure class=\"wp-block-image aligncenter size-full\"><img loading=\"lazy\" decoding=\"async\" width=\"667\" height=\"1000\" src=\"https:\/\/juliachodor.com\/pl\/wp-content\/uploads\/240522_JBC_010.jpg\" alt=\"fotografia komunijna, komunia, zdj\u0119cia z komunii\" class=\"wp-image-4236\" srcset=\"https:\/\/juliachodor.com\/pl\/wp-content\/uploads\/240522_JBC_010.jpg 667w, https:\/\/juliachodor.com\/pl\/wp-content\/uploads\/240522_JBC_010-200x300.jpg 200w\" sizes=\"auto, (max-width: 667px) 100vw, 667px\" \/><\/figure>\n\n\n\n<figure class=\"wp-block-image aligncenter size-large\"><img loading=\"lazy\" decoding=\"async\" width=\"1000\" height=\"667\" src=\"https:\/\/juliachodor.com\/pl\/wp-content\/uploads\/250524_JBC_7296.jpg\" alt=\"fotografia komunijna, komunia, zdj\u0119cia z komunii\" class=\"wp-image-4244\" srcset=\"https:\/\/juliachodor.com\/pl\/wp-content\/uploads\/250524_JBC_7296.jpg 1000w, https:\/\/juliachodor.com\/pl\/wp-content\/uploads\/250524_JBC_7296-300x200.jpg 300w, https:\/\/juliachodor.com\/pl\/wp-content\/uploads\/250524_JBC_7296-768x512.jpg 768w\" sizes=\"auto, (max-width: 1000px) 100vw, 1000px\" \/><\/figure>\n<\/div>\n\n\n\n<figure class=\"wp-block-image size-full\"><img loading=\"lazy\" decoding=\"async\" width=\"667\" height=\"1000\" src=\"https:\/\/juliachodor.com\/pl\/wp-content\/uploads\/230516_JBC_6439-2.jpg\" alt=\"fotografia komunijna, komunia, zdj\u0119cia z komunii\" class=\"wp-image-4222\" srcset=\"https:\/\/juliachodor.com\/pl\/wp-content\/uploads\/230516_JBC_6439-2.jpg 667w, https:\/\/juliachodor.com\/pl\/wp-content\/uploads\/230516_JBC_6439-2-200x300.jpg 200w\" sizes=\"auto, (max-width: 667px) 100vw, 667px\" \/><\/figure>\n\n\n\n<figure class=\"wp-block-image size-large\"><img loading=\"lazy\" decoding=\"async\" width=\"1000\" height=\"750\" src=\"https:\/\/juliachodor.com\/pl\/wp-content\/uploads\/250524_JBC_7435.jpg\" alt=\"fotografia komunijna, komunia, zdj\u0119cia z komunii\" class=\"wp-image-4209\" srcset=\"https:\/\/juliachodor.com\/pl\/wp-content\/uploads\/250524_JBC_7435.jpg 1000w, https:\/\/juliachodor.com\/pl\/wp-content\/uploads\/250524_JBC_7435-300x225.jpg 300w, https:\/\/juliachodor.com\/pl\/wp-content\/uploads\/250524_JBC_7435-768x576.jpg 768w, https:\/\/juliachodor.com\/pl\/wp-content\/uploads\/250524_JBC_7435-640x480.jpg 640w\" sizes=\"auto, (max-width: 1000px) 100vw, 1000px\" \/><\/figure>\n<\/div>\n\n\n\n<div class=\"wp-block-column is-layout-flow wp-block-column-is-layout-flow\" style=\"flex-basis:50%\">\n<figure class=\"wp-block-image size-large\"><img loading=\"lazy\" decoding=\"async\" width=\"750\" height=\"1000\" src=\"https:\/\/juliachodor.com\/pl\/wp-content\/uploads\/220611_JBC_6646-2.jpg\" alt=\"fotografia komunijna, komunia, zdj\u0119cia z komunii\" class=\"wp-image-4218\" srcset=\"https:\/\/juliachodor.com\/pl\/wp-content\/uploads\/220611_JBC_6646-2.jpg 750w, https:\/\/juliachodor.com\/pl\/wp-content\/uploads\/220611_JBC_6646-2-225x300.jpg 225w, https:\/\/juliachodor.com\/pl\/wp-content\/uploads\/220611_JBC_6646-2-640x853.jpg 640w\" sizes=\"auto, (max-width: 750px) 100vw, 750px\" \/><\/figure>\n\n\n\n<figure class=\"wp-block-image size-large\"><img loading=\"lazy\" decoding=\"async\" width=\"667\" height=\"1000\" src=\"https:\/\/juliachodor.com\/pl\/wp-content\/uploads\/240511_JBC_9812.jpg\" alt=\"fotografia komunijna, komunia, zdj\u0119cia z komunii\" class=\"wp-image-4233\" srcset=\"https:\/\/juliachodor.com\/pl\/wp-content\/uploads\/240511_JBC_9812.jpg 667w, https:\/\/juliachodor.com\/pl\/wp-content\/uploads\/240511_JBC_9812-200x300.jpg 200w\" sizes=\"auto, (max-width: 667px) 100vw, 667px\" \/><\/figure>\n\n\n\n<figure class=\"wp-block-image size-full\"><img loading=\"lazy\" decoding=\"async\" width=\"667\" height=\"1000\" src=\"https:\/\/juliachodor.com\/pl\/wp-content\/uploads\/230611_JBC_7264_n.jpg\" alt=\"fotografia komunijna, komunia, zdj\u0119cia z komunii\" class=\"wp-image-4224\" srcset=\"https:\/\/juliachodor.com\/pl\/wp-content\/uploads\/230611_JBC_7264_n.jpg 667w, https:\/\/juliachodor.com\/pl\/wp-content\/uploads\/230611_JBC_7264_n-200x300.jpg 200w\" sizes=\"auto, (max-width: 667px) 100vw, 667px\" \/><figcaption class=\"wp-element-caption\">Julia Chodor Chodorowska<\/figcaption><\/figure>\n\n\n\n<figure class=\"wp-block-image size-large\"><img loading=\"lazy\" decoding=\"async\" width=\"667\" height=\"1000\" src=\"https:\/\/juliachodor.com\/pl\/wp-content\/uploads\/250524_JBC_7338.jpg\" alt=\"fotografia komunijna, komunia, zdj\u0119cia z komunii\" class=\"wp-image-4245\" srcset=\"https:\/\/juliachodor.com\/pl\/wp-content\/uploads\/250524_JBC_7338.jpg 667w, https:\/\/juliachodor.com\/pl\/wp-content\/uploads\/250524_JBC_7338-200x300.jpg 200w\" sizes=\"auto, (max-width: 667px) 100vw, 667px\" \/><\/figure>\n\n\n\n<figure class=\"wp-block-image size-large\"><img loading=\"lazy\" decoding=\"async\" width=\"1000\" height=\"667\" src=\"https:\/\/juliachodor.com\/pl\/wp-content\/uploads\/230611_JBC_7407_n.jpg\" alt=\"fotografia komunijna, komunia, zdj\u0119cia z komunii\" class=\"wp-image-4226\" srcset=\"https:\/\/juliachodor.com\/pl\/wp-content\/uploads\/230611_JBC_7407_n.jpg 1000w, https:\/\/juliachodor.com\/pl\/wp-content\/uploads\/230611_JBC_7407_n-300x200.jpg 300w, https:\/\/juliachodor.com\/pl\/wp-content\/uploads\/230611_JBC_7407_n-768x512.jpg 768w\" sizes=\"auto, (max-width: 1000px) 100vw, 1000px\" \/><\/figure>\n\n\n\n<figure class=\"wp-block-image size-large\"><img loading=\"lazy\" decoding=\"async\" width=\"667\" height=\"1000\" src=\"https:\/\/juliachodor.com\/pl\/wp-content\/uploads\/220528_JBC_6354.jpg\" alt=\"fotografia komunijna, komunia, zdj\u0119cia z komunii\" class=\"wp-image-4213\" srcset=\"https:\/\/juliachodor.com\/pl\/wp-content\/uploads\/220528_JBC_6354.jpg 667w, https:\/\/juliachodor.com\/pl\/wp-content\/uploads\/220528_JBC_6354-200x300.jpg 200w\" sizes=\"auto, (max-width: 667px) 100vw, 667px\" \/><\/figure>\n\n\n\n<figure class=\"wp-block-image size-large\"><img loading=\"lazy\" decoding=\"async\" width=\"667\" height=\"1000\" src=\"https:\/\/juliachodor.com\/pl\/wp-content\/uploads\/240522_JBC_151.jpg\" alt=\"fotografia komunijna, komunia, zdj\u0119cia z komunii\" class=\"wp-image-4238\" srcset=\"https:\/\/juliachodor.com\/pl\/wp-content\/uploads\/240522_JBC_151.jpg 667w, https:\/\/juliachodor.com\/pl\/wp-content\/uploads\/240522_JBC_151-200x300.jpg 200w\" sizes=\"auto, (max-width: 667px) 100vw, 667px\" \/><\/figure>\n<\/div>\n<\/div>\n\n\n\n<div class=\"wp-block-media-text alignwide has-media-on-the-right is-stacked-on-mobile\" style=\"grid-template-columns:auto 25%\"><div class=\"wp-block-media-text__content\">\n<h4 class=\"wp-block-heading has-base-2-background-color has-background has-heading-font-family has-medium-font-size\"><strong><em>Idealny prezent dla bliskich<\/em><\/strong><\/h4>\n\n\n\n<p class=\"has-heading-font-family has-medium-font-size\">Wyb\u00f3r wysokiej jako\u015bci albumu to tak\u017ce gotowy pomys\u0142 na wzruszaj\u0105cy prezent, idealny dla:<\/p>\n\n\n\n<ul class=\"wp-block-list\">\n<li class=\"has-heading-font-family has-medium-font-size\"><strong>Rodzic\u00f3w chrzestnych<\/strong>, jako podzi\u0119kowanie za ich obecno\u015b\u0107 i wsparcie,<\/li>\n\n\n\n<li class=\"has-heading-font-family has-medium-font-size\"><strong>Dziadk\u00f3w<\/strong>, dla kt\u00f3rych papierowe zdj\u0119cia maj\u0105 szczeg\u00f3ln\u0105 warto\u015b\u0107 sentymentaln\u0105.<\/li>\n<\/ul>\n\n\n\n<p class=\"has-heading-font-family has-medium-font-size\">Na niniejszej stronie prezentujemy kilka wybranych album\u00f3w, kt\u00f3re przygotowa\u0142am dla moich dotychczasowych klient\u00f3w. Ka\u017cdy z nich to unikalna historia, dopasowana do indywidualnych potrzeb rodziny. Moi klienci zgodnie potwierdzaj\u0105: inwestycja w tak\u0105 pami\u0105tk\u0119 to decyzja, kt\u00f3rej si\u0119 nie \u017ca\u0142uje.<\/p>\n<\/div><figure class=\"wp-block-media-text__media\"><video controls src=\"https:\/\/juliachodor.com\/pl\/wp-content\/uploads\/album-Ewa.mp4\"><\/video><\/figure><\/div>\n\n\n\n<p><\/p>\n","protected":false},"excerpt":{"rendered":"<p>Fotografia komunijna to co\u015b wi\u0119cej ni\u017c tylko dokumentacja uroczysto\u015bci \u2013 to uchwycenie emocji, powagi i rado\u015bci, kt\u00f3re towarzysz\u0105 dziecku w tym wyj\u0105tkowym dniu. Pierwsza Komunia \u015awi\u0119ta zdarza si\u0119 tylko raz w \u017cyciu, dlatego warto zadba\u0107 o to, aby wspomnienia z tego okresu zyska\u0142y opraw\u0119 godn\u0105 ich znaczenia. Pami\u0105tka na ca\u0142e \u017cycie Idealnym sposobem na zachowanie [&hellip;]<\/p>\n","protected":false},"author":1,"featured_media":0,"parent":0,"menu_order":0,"comment_status":"closed","ping_status":"closed","template":"","meta":{"ngg_post_thumbnail":0,"footnotes":"","_links_to":"","_links_to_target":""},"class_list":["post-4598","page","type-page","status-publish","hentry"],"_links":{"self":[{"href":"https:\/\/juliachodor.com\/pl\/wp-json\/wp\/v2\/pages\/4598","targetHints":{"allow":["GET"]}}],"collection":[{"href":"https:\/\/juliachodor.com\/pl\/wp-json\/wp\/v2\/pages"}],"about":[{"href":"https:\/\/juliachodor.com\/pl\/wp-json\/wp\/v2\/types\/page"}],"author":[{"embeddable":true,"href":"https:\/\/juliachodor.com\/pl\/wp-json\/wp\/v2\/users\/1"}],"replies":[{"embeddable":true,"href":"https:\/\/juliachodor.com\/pl\/wp-json\/wp\/v2\/comments?post=4598"}],"version-history":[{"count":19,"href":"https:\/\/juliachodor.com\/pl\/wp-json\/wp\/v2\/pages\/4598\/revisions"}],"predecessor-version":[{"id":4622,"href":"https:\/\/juliachodor.com\/pl\/wp-json\/wp\/v2\/pages\/4598\/revisions\/4622"}],"wp:attachment":[{"href":"https:\/\/juliachodor.com\/pl\/wp-json\/wp\/v2\/media?parent=4598"}],"curies":[{"name":"wp","href":"https:\/\/api.w.org\/{rel}","templated":true}]}}