{"id":376,"date":"2020-11-10T15:39:16","date_gmt":"2020-11-10T14:39:16","guid":{"rendered":"https:\/\/juliachodor.com\/ver\/?page_id=376"},"modified":"2026-04-02T20:10:38","modified_gmt":"2026-04-02T18:10:38","slug":"sesja-ciazowa","status":"publish","type":"page","link":"https:\/\/juliachodor.com\/pl\/klienci-indywidualni\/sesja-ciazowa\/","title":{"rendered":"Fotografia Ci\u0105\u017cowa"},"content":{"rendered":"\n<hr class=\"wp-block-separator has-text-color has-gray-color has-css-opacity has-gray-background-color has-background is-style-wide\"\/>\n\n\n\n<div class=\"wp-block-group alignwide is-layout-flow wp-block-group-is-layout-flow\">\n<p class=\"has-heading-font-family\">Poni\u017cej znajdziesz przyk\u0142adow\u0105 sesj\u0119 plenerow\u0105. Realizuj\u0119 r\u00f3wnie\u017c sesje studyjne oraz intymne sesje ci\u0105\u017cowe (z odkrytym brzuszkiem). Ze wzgl\u0119du na ich prywatny charakter, zdj\u0119cia te udost\u0119pniam do wgl\u0105du wy\u0142\u0105cznie podczas indywidualnych konsultacji. Zapraszam do rozmowy o Twojej wymarzonej sesji!<\/p>\n\n\n\n<div class=\"wp-block-buttons is-content-justification-center is-layout-flex wp-container-core-buttons-is-layout-a89b3969 wp-block-buttons-is-layout-flex\">\n<div class=\"wp-block-button\"><a class=\"wp-block-button__link has-text-align-center wp-element-button\" href=\"https:\/\/juliachodor.com\/pl\/kontakt\/\">um\u00f3w si\u0119<\/a><\/div>\n<\/div>\n<\/div>\n\n\n\n<hr class=\"wp-block-separator has-text-color has-gray-color has-css-opacity has-gray-background-color has-background is-style-wide\"\/>\n\n\n\n<p class=\"has-text-align-right has-small-font-size\"><a href=\"https:\/\/juliachodor.com\/ver\/klienci-indywidualni\/portret\/\"><\/a><a href=\"https:\/\/juliachodor.com\/pl\/klienci-indywidualni\/\">\u21b5\u00a0Powr\u00f3t<\/a><\/p>\n\n\n\n<figure class=\"wp-block-image aligncenter size-large\"><img loading=\"lazy\" decoding=\"async\" width=\"533\" height=\"800\" src=\"https:\/\/juliachodor.com\/pl\/wp-content\/uploads\/2020\/11\/190520_JBC_012a.jpg\" alt=\"sesja ci\u0105\u017cowa, sesja z brzuszkiem, zdj\u0119cia ci\u0105\u017cowe - fot. Julia Chodor\" class=\"wp-image-8\" srcset=\"https:\/\/juliachodor.com\/pl\/wp-content\/uploads\/2020\/11\/190520_JBC_012a.jpg 533w, https:\/\/juliachodor.com\/pl\/wp-content\/uploads\/2020\/11\/190520_JBC_012a-200x300.jpg 200w\" sizes=\"auto, (max-width: 533px) 100vw, 533px\" \/><figcaption class=\"wp-element-caption\">Fot. Julia Chodor<\/figcaption><\/figure>\n\n\n\n<hr class=\"wp-block-separator has-css-opacity is-style-wide\"\/>\n\n\n\n<figure class=\"wp-block-image aligncenter size-large\"><img loading=\"lazy\" decoding=\"async\" width=\"533\" height=\"800\" src=\"https:\/\/juliachodor.com\/pl\/wp-content\/uploads\/2020\/11\/190520_JBC_029a.jpg\" alt=\"sesja ci\u0105\u017cowa, sesja z brzuszkiem, zdj\u0119cia ci\u0105\u017cowe - fot Julia Chodor\" class=\"wp-image-5\" srcset=\"https:\/\/juliachodor.com\/pl\/wp-content\/uploads\/2020\/11\/190520_JBC_029a.jpg 533w, https:\/\/juliachodor.com\/pl\/wp-content\/uploads\/2020\/11\/190520_JBC_029a-200x300.jpg 200w\" sizes=\"auto, (max-width: 533px) 100vw, 533px\" \/><figcaption class=\"wp-element-caption\">Fot. Julia Chodor<\/figcaption><\/figure>\n\n\n\n<hr class=\"wp-block-separator has-css-opacity is-style-wide\"\/>\n\n\n\n<figure class=\"wp-block-image aligncenter size-large\"><img loading=\"lazy\" decoding=\"async\" width=\"533\" height=\"800\" src=\"https:\/\/juliachodor.com\/pl\/wp-content\/uploads\/2020\/11\/190520_JBC_167a.jpg\" alt=\"sesja ci\u0105\u017cowa, sesja z brzuszkiem, zdj\u0119cia ci\u0105\u017cowe - fot. Julia Chodor\" class=\"wp-image-6\" srcset=\"https:\/\/juliachodor.com\/pl\/wp-content\/uploads\/2020\/11\/190520_JBC_167a.jpg 533w, https:\/\/juliachodor.com\/pl\/wp-content\/uploads\/2020\/11\/190520_JBC_167a-200x300.jpg 200w\" sizes=\"auto, (max-width: 533px) 100vw, 533px\" \/><figcaption class=\"wp-element-caption\">Fot. Julia Chodor<\/figcaption><\/figure>\n\n\n\n<hr class=\"wp-block-separator has-css-opacity is-style-wide\"\/>\n\n\n\n<figure class=\"wp-block-image aligncenter size-large\"><img loading=\"lazy\" decoding=\"async\" width=\"800\" height=\"600\" src=\"https:\/\/juliachodor.com\/pl\/wp-content\/uploads\/2020\/11\/190520_JBC_209.jpg\" alt=\"sesja ci\u0105\u017cowa, sesja z brzuszkiem, zdj\u0119cia ci\u0105\u017cowe - fot. Julia Chodor\" class=\"wp-image-7\" srcset=\"https:\/\/juliachodor.com\/pl\/wp-content\/uploads\/2020\/11\/190520_JBC_209.jpg 800w, https:\/\/juliachodor.com\/pl\/wp-content\/uploads\/2020\/11\/190520_JBC_209-300x225.jpg 300w, https:\/\/juliachodor.com\/pl\/wp-content\/uploads\/2020\/11\/190520_JBC_209-768x576.jpg 768w\" sizes=\"auto, (max-width: 800px) 100vw, 800px\" \/><figcaption class=\"wp-element-caption\">Fot. Julia Chodor<\/figcaption><\/figure>\n\n\n\n<hr class=\"wp-block-separator has-text-color has-gray-color has-css-opacity has-gray-background-color has-background is-style-wide\"\/>\n\n\n\n<p class=\"has-text-align-right has-small-font-size\"><a href=\"https:\/\/juliachodor.com\/ver\/klienci-indywidualni\/portret\/\"><\/a><a href=\"https:\/\/juliachodor.com\/pl\/klienci-indywidualni\/\">\u21b5\u00a0Powr\u00f3t<\/a><\/p>\n","protected":false},"excerpt":{"rendered":"<p>Poni\u017cej znajdziesz przyk\u0142adow\u0105 sesj\u0119 plenerow\u0105. Realizuj\u0119 r\u00f3wnie\u017c sesje studyjne oraz intymne sesje ci\u0105\u017cowe (z odkrytym brzuszkiem). Ze wzgl\u0119du na ich prywatny charakter, zdj\u0119cia te udost\u0119pniam do wgl\u0105du wy\u0142\u0105cznie podczas indywidualnych konsultacji. Zapraszam do rozmowy o Twojej wymarzonej sesji! \u21b5\u00a0Powr\u00f3t \u21b5\u00a0Powr\u00f3t<\/p>\n","protected":false},"author":1,"featured_media":0,"parent":328,"menu_order":0,"comment_status":"closed","ping_status":"closed","template":"","meta":{"ngg_post_thumbnail":0,"footnotes":"","_links_to":"","_links_to_target":""},"class_list":["post-376","page","type-page","status-publish","hentry"],"_links":{"self":[{"href":"https:\/\/juliachodor.com\/pl\/wp-json\/wp\/v2\/pages\/376","targetHints":{"allow":["GET"]}}],"collection":[{"href":"https:\/\/juliachodor.com\/pl\/wp-json\/wp\/v2\/pages"}],"about":[{"href":"https:\/\/juliachodor.com\/pl\/wp-json\/wp\/v2\/types\/page"}],"author":[{"embeddable":true,"href":"https:\/\/juliachodor.com\/pl\/wp-json\/wp\/v2\/users\/1"}],"replies":[{"embeddable":true,"href":"https:\/\/juliachodor.com\/pl\/wp-json\/wp\/v2\/comments?post=376"}],"version-history":[{"count":10,"href":"https:\/\/juliachodor.com\/pl\/wp-json\/wp\/v2\/pages\/376\/revisions"}],"predecessor-version":[{"id":5156,"href":"https:\/\/juliachodor.com\/pl\/wp-json\/wp\/v2\/pages\/376\/revisions\/5156"}],"up":[{"embeddable":true,"href":"https:\/\/juliachodor.com\/pl\/wp-json\/wp\/v2\/pages\/328"}],"wp:attachment":[{"href":"https:\/\/juliachodor.com\/pl\/wp-json\/wp\/v2\/media?parent=376"}],"curies":[{"name":"wp","href":"https:\/\/api.w.org\/{rel}","templated":true}]}}