{"id":342,"date":"2020-11-10T15:16:54","date_gmt":"2020-11-10T14:16:54","guid":{"rendered":"https:\/\/juliachodor.com\/ver\/?page_id=342"},"modified":"2020-12-11T10:16:21","modified_gmt":"2020-12-11T09:16:21","slug":"wesele","status":"publish","type":"page","link":"https:\/\/juliachodor.com\/pl\/fotografia-slubna\/wesele\/","title":{"rendered":"Wesele"},"content":{"rendered":"\n<hr class=\"wp-block-separator has-text-color has-background has-gray-background-color has-gray-color is-style-wide\"\/>\n\n\n\n<p class=\"has-text-align-right has-small-font-size\"><a href=\"https:\/\/juliachodor.com\/pl\/klienci-indywidualni\/fotografia-slubna\/\">\u21b5&nbsp; Powr\u00f3t<\/a><\/p>\n\n\n\n<div class=\"wp-block-image\"><figure class=\"aligncenter size-large\"><img loading=\"lazy\" decoding=\"async\" width=\"800\" height=\"533\" src=\"https:\/\/juliachodor.com\/pl\/wp-content\/uploads\/2020\/11\/090912_JBS_0567.jpg\" alt=\"reporta\u017c \u015blubny, fotoreporta\u017c \u015blubny, wesele, fot. Julia Chodor\" class=\"wp-image-197\" srcset=\"https:\/\/juliachodor.com\/pl\/wp-content\/uploads\/2020\/11\/090912_JBS_0567.jpg 800w, https:\/\/juliachodor.com\/pl\/wp-content\/uploads\/2020\/11\/090912_JBS_0567-300x200.jpg 300w, https:\/\/juliachodor.com\/pl\/wp-content\/uploads\/2020\/11\/090912_JBS_0567-768x512.jpg 768w\" sizes=\"auto, (max-width: 800px) 100vw, 800px\" \/><figcaption>Fot. Julia Chodor<\/figcaption><\/figure><\/div>\n\n\n\n<hr class=\"wp-block-separator is-style-wide\"\/>\n\n\n\n<div class=\"wp-block-image\"><figure class=\"aligncenter size-large\"><img loading=\"lazy\" decoding=\"async\" width=\"800\" height=\"533\" src=\"https:\/\/juliachodor.com\/pl\/wp-content\/uploads\/2020\/11\/090912_JBS_0872.jpg\" alt=\"reporta\u017c \u015blubny, fotoreporta\u017c \u015blubny, wesele, fot. Julia Chodor\" class=\"wp-image-199\" srcset=\"https:\/\/juliachodor.com\/pl\/wp-content\/uploads\/2020\/11\/090912_JBS_0872.jpg 800w, https:\/\/juliachodor.com\/pl\/wp-content\/uploads\/2020\/11\/090912_JBS_0872-300x200.jpg 300w, https:\/\/juliachodor.com\/pl\/wp-content\/uploads\/2020\/11\/090912_JBS_0872-768x512.jpg 768w\" sizes=\"auto, (max-width: 800px) 100vw, 800px\" \/><figcaption>Fot. Julia Chodor<\/figcaption><\/figure><\/div>\n\n\n\n<hr class=\"wp-block-separator is-style-wide\"\/>\n\n\n\n<div class=\"wp-block-image\"><figure class=\"aligncenter size-large\"><img loading=\"lazy\" decoding=\"async\" width=\"800\" height=\"600\" src=\"https:\/\/juliachodor.com\/pl\/wp-content\/uploads\/2020\/11\/090912_JBS_0595.jpg\" alt=\"reporta\u017c \u015blubny, fotoreporta\u017c \u015blubny, wesele, fot. Julia Chodor\" class=\"wp-image-198\" srcset=\"https:\/\/juliachodor.com\/pl\/wp-content\/uploads\/2020\/11\/090912_JBS_0595.jpg 800w, https:\/\/juliachodor.com\/pl\/wp-content\/uploads\/2020\/11\/090912_JBS_0595-300x225.jpg 300w, https:\/\/juliachodor.com\/pl\/wp-content\/uploads\/2020\/11\/090912_JBS_0595-768x576.jpg 768w\" sizes=\"auto, (max-width: 800px) 100vw, 800px\" \/><figcaption>Fot. Julia Chodor<\/figcaption><\/figure><\/div>\n\n\n\n<hr class=\"wp-block-separator is-style-wide\"\/>\n\n\n\n<div class=\"wp-block-image\"><figure class=\"aligncenter size-large\"><img loading=\"lazy\" decoding=\"async\" width=\"800\" height=\"533\" src=\"https:\/\/juliachodor.com\/pl\/wp-content\/uploads\/2020\/11\/090912_JBS_0889.jpg\" alt=\"reporta\u017c \u015blubny, fotoreporta\u017c \u015blubny, wesele, fot. Julia Chodor\" class=\"wp-image-200\" srcset=\"https:\/\/juliachodor.com\/pl\/wp-content\/uploads\/2020\/11\/090912_JBS_0889.jpg 800w, https:\/\/juliachodor.com\/pl\/wp-content\/uploads\/2020\/11\/090912_JBS_0889-300x200.jpg 300w, https:\/\/juliachodor.com\/pl\/wp-content\/uploads\/2020\/11\/090912_JBS_0889-768x512.jpg 768w\" sizes=\"auto, (max-width: 800px) 100vw, 800px\" \/><figcaption>Fot. Julia Chodor<\/figcaption><\/figure><\/div>\n\n\n\n<hr class=\"wp-block-separator is-style-wide\"\/>\n\n\n\n<div class=\"wp-block-image\"><figure class=\"aligncenter size-large\"><img loading=\"lazy\" decoding=\"async\" width=\"800\" height=\"533\" src=\"https:\/\/juliachodor.com\/pl\/wp-content\/uploads\/2020\/11\/090912_JBS_0918.jpg\" alt=\"reporta\u017c \u015blubny, fotoreporta\u017c \u015blubny, wesele, fot. Julia Chodor\" class=\"wp-image-201\" srcset=\"https:\/\/juliachodor.com\/pl\/wp-content\/uploads\/2020\/11\/090912_JBS_0918.jpg 800w, https:\/\/juliachodor.com\/pl\/wp-content\/uploads\/2020\/11\/090912_JBS_0918-300x200.jpg 300w, https:\/\/juliachodor.com\/pl\/wp-content\/uploads\/2020\/11\/090912_JBS_0918-768x512.jpg 768w\" sizes=\"auto, (max-width: 800px) 100vw, 800px\" \/><figcaption>Fot. Julia Chodor<\/figcaption><\/figure><\/div>\n\n\n\n<hr class=\"wp-block-separator is-style-wide\"\/>\n\n\n\n<div class=\"wp-block-image\"><figure class=\"aligncenter size-large\"><img loading=\"lazy\" decoding=\"async\" width=\"533\" height=\"800\" src=\"https:\/\/juliachodor.com\/pl\/wp-content\/uploads\/2020\/11\/130727_JBS_0788.jpg\" alt=\"reporta\u017c \u015blubny, fotoreporta\u017c \u015blubny, wesele, fot. Julia Chodor\" class=\"wp-image-202\" srcset=\"https:\/\/juliachodor.com\/pl\/wp-content\/uploads\/2020\/11\/130727_JBS_0788.jpg 533w, https:\/\/juliachodor.com\/pl\/wp-content\/uploads\/2020\/11\/130727_JBS_0788-200x300.jpg 200w\" sizes=\"auto, (max-width: 533px) 100vw, 533px\" \/><figcaption>Fot. Julia Chodor<\/figcaption><\/figure><\/div>\n\n\n\n<hr class=\"wp-block-separator is-style-wide\"\/>\n\n\n\n<div class=\"wp-block-image\"><figure class=\"aligncenter size-large\"><img loading=\"lazy\" decoding=\"async\" width=\"800\" height=\"600\" src=\"https:\/\/juliachodor.com\/pl\/wp-content\/uploads\/2020\/11\/130727_JBS_1118.jpg\" alt=\"reporta\u017c \u015blubny, fotoreporta\u017c \u015blubny, wesele, fot. Julia Chodor\" class=\"wp-image-208\" srcset=\"https:\/\/juliachodor.com\/pl\/wp-content\/uploads\/2020\/11\/130727_JBS_1118.jpg 800w, https:\/\/juliachodor.com\/pl\/wp-content\/uploads\/2020\/11\/130727_JBS_1118-300x225.jpg 300w, https:\/\/juliachodor.com\/pl\/wp-content\/uploads\/2020\/11\/130727_JBS_1118-768x576.jpg 768w\" sizes=\"auto, (max-width: 800px) 100vw, 800px\" \/><figcaption>Fot. Julia Chodor<\/figcaption><\/figure><\/div>\n\n\n\n<hr class=\"wp-block-separator is-style-wide\"\/>\n\n\n\n<div class=\"wp-block-image\"><figure class=\"aligncenter size-large\"><img loading=\"lazy\" decoding=\"async\" width=\"533\" height=\"800\" src=\"https:\/\/juliachodor.com\/pl\/wp-content\/uploads\/2020\/11\/130727_JBS_0873.jpg\" alt=\"reporta\u017c \u015blubny, fotoreporta\u017c \u015blubny, wesele, fot. Julia Chodor\" class=\"wp-image-203\" srcset=\"https:\/\/juliachodor.com\/pl\/wp-content\/uploads\/2020\/11\/130727_JBS_0873.jpg 533w, https:\/\/juliachodor.com\/pl\/wp-content\/uploads\/2020\/11\/130727_JBS_0873-200x300.jpg 200w\" sizes=\"auto, (max-width: 533px) 100vw, 533px\" \/><figcaption>Fot. Julia Chodor<\/figcaption><\/figure><\/div>\n\n\n\n<hr class=\"wp-block-separator is-style-wide\"\/>\n\n\n\n<div class=\"wp-block-image\"><figure class=\"aligncenter size-large\"><img loading=\"lazy\" decoding=\"async\" width=\"533\" height=\"800\" src=\"https:\/\/juliachodor.com\/pl\/wp-content\/uploads\/2020\/11\/130727_JBS_0876.jpg\" alt=\"reporta\u017c \u015blubny, fotoreporta\u017c \u015blubny, wesele, fot. Julia Chodor\" class=\"wp-image-204\" srcset=\"https:\/\/juliachodor.com\/pl\/wp-content\/uploads\/2020\/11\/130727_JBS_0876.jpg 533w, https:\/\/juliachodor.com\/pl\/wp-content\/uploads\/2020\/11\/130727_JBS_0876-200x300.jpg 200w\" sizes=\"auto, (max-width: 533px) 100vw, 533px\" \/><figcaption>Fot. Julia Chodor<\/figcaption><\/figure><\/div>\n\n\n\n<hr class=\"wp-block-separator is-style-wide\"\/>\n\n\n\n<div class=\"wp-block-image\"><figure class=\"aligncenter size-large\"><img loading=\"lazy\" decoding=\"async\" width=\"800\" height=\"565\" src=\"https:\/\/juliachodor.com\/pl\/wp-content\/uploads\/2020\/11\/130727_JBS_0969.jpg\" alt=\"reporta\u017c \u015blubny, fotoreporta\u017c \u015blubny, wesele, oczepiny, fot. Julia Chodor\" class=\"wp-image-205\" srcset=\"https:\/\/juliachodor.com\/pl\/wp-content\/uploads\/2020\/11\/130727_JBS_0969.jpg 800w, https:\/\/juliachodor.com\/pl\/wp-content\/uploads\/2020\/11\/130727_JBS_0969-300x212.jpg 300w, https:\/\/juliachodor.com\/pl\/wp-content\/uploads\/2020\/11\/130727_JBS_0969-768x542.jpg 768w\" sizes=\"auto, (max-width: 800px) 100vw, 800px\" \/><figcaption>Fot. Julia Chodor<\/figcaption><\/figure><\/div>\n\n\n\n<hr class=\"wp-block-separator is-style-wide\"\/>\n\n\n\n<div class=\"wp-block-image\"><figure class=\"aligncenter size-large\"><img loading=\"lazy\" decoding=\"async\" width=\"800\" height=\"533\" src=\"https:\/\/juliachodor.com\/pl\/wp-content\/uploads\/2020\/11\/130727_JBS_1076.jpg\" alt=\"reporta\u017c \u015blubny, fotoreporta\u017c \u015blubny, wesele, oczepiny, fot. Julia Chodor\" class=\"wp-image-206\" srcset=\"https:\/\/juliachodor.com\/pl\/wp-content\/uploads\/2020\/11\/130727_JBS_1076.jpg 800w, https:\/\/juliachodor.com\/pl\/wp-content\/uploads\/2020\/11\/130727_JBS_1076-300x200.jpg 300w, https:\/\/juliachodor.com\/pl\/wp-content\/uploads\/2020\/11\/130727_JBS_1076-768x512.jpg 768w\" sizes=\"auto, (max-width: 800px) 100vw, 800px\" \/><figcaption>Fot. Julia Chodor<\/figcaption><\/figure><\/div>\n\n\n\n<hr class=\"wp-block-separator is-style-wide\"\/>\n\n\n\n<div class=\"wp-block-image\"><figure class=\"aligncenter size-large\"><img loading=\"lazy\" decoding=\"async\" width=\"800\" height=\"533\" src=\"https:\/\/juliachodor.com\/pl\/wp-content\/uploads\/2020\/11\/130727_JBS_1086.jpg\" alt=\"reporta\u017c \u015blubny, fotoreporta\u017c \u015blubny, wesele, fot. Julia Chodor\" class=\"wp-image-207\" srcset=\"https:\/\/juliachodor.com\/pl\/wp-content\/uploads\/2020\/11\/130727_JBS_1086.jpg 800w, https:\/\/juliachodor.com\/pl\/wp-content\/uploads\/2020\/11\/130727_JBS_1086-300x200.jpg 300w, https:\/\/juliachodor.com\/pl\/wp-content\/uploads\/2020\/11\/130727_JBS_1086-768x512.jpg 768w\" sizes=\"auto, (max-width: 800px) 100vw, 800px\" \/><figcaption>Fot. Julia Chodor<\/figcaption><\/figure><\/div>\n\n\n\n<hr class=\"wp-block-separator is-style-wide\"\/>\n\n\n\n<div class=\"wp-block-image\"><figure class=\"aligncenter size-large\"><img loading=\"lazy\" decoding=\"async\" width=\"800\" height=\"533\" src=\"https:\/\/juliachodor.com\/pl\/wp-content\/uploads\/2020\/11\/IMG_4489.jpg\" alt=\"reporta\u017c \u015blubny, fotoreporta\u017c \u015blubny, wesele, fot. Julia Chodor\" class=\"wp-image-209\" srcset=\"https:\/\/juliachodor.com\/pl\/wp-content\/uploads\/2020\/11\/IMG_4489.jpg 800w, https:\/\/juliachodor.com\/pl\/wp-content\/uploads\/2020\/11\/IMG_4489-300x200.jpg 300w, https:\/\/juliachodor.com\/pl\/wp-content\/uploads\/2020\/11\/IMG_4489-768x512.jpg 768w\" sizes=\"auto, (max-width: 800px) 100vw, 800px\" \/><figcaption>Fot. Julia Chodor<\/figcaption><\/figure><\/div>\n\n\n\n<hr class=\"wp-block-separator is-style-wide\"\/>\n\n\n\n<div class=\"wp-block-image\"><figure class=\"aligncenter size-large\"><img loading=\"lazy\" decoding=\"async\" width=\"800\" height=\"668\" src=\"https:\/\/juliachodor.com\/pl\/wp-content\/uploads\/2020\/11\/IMG_4499.jpg\" alt=\"reporta\u017c \u015blubny, fotoreporta\u017c \u015blubny, wesele, fot. Julia Chodor\" class=\"wp-image-210\" srcset=\"https:\/\/juliachodor.com\/pl\/wp-content\/uploads\/2020\/11\/IMG_4499.jpg 800w, https:\/\/juliachodor.com\/pl\/wp-content\/uploads\/2020\/11\/IMG_4499-300x251.jpg 300w, https:\/\/juliachodor.com\/pl\/wp-content\/uploads\/2020\/11\/IMG_4499-768x641.jpg 768w\" sizes=\"auto, (max-width: 800px) 100vw, 800px\" \/><figcaption>Fot. Julia Chodor<\/figcaption><\/figure><\/div>\n\n\n\n<hr class=\"wp-block-separator is-style-wide\"\/>\n\n\n\n<div class=\"wp-block-image\"><figure class=\"aligncenter size-large\"><img loading=\"lazy\" decoding=\"async\" width=\"800\" height=\"533\" src=\"https:\/\/juliachodor.com\/pl\/wp-content\/uploads\/2020\/11\/IMG_4526.jpg\" alt=\"reporta\u017c \u015blubny, fotoreporta\u017c \u015blubny, wesele, fot. Julia Chodor\" class=\"wp-image-211\" srcset=\"https:\/\/juliachodor.com\/pl\/wp-content\/uploads\/2020\/11\/IMG_4526.jpg 800w, https:\/\/juliachodor.com\/pl\/wp-content\/uploads\/2020\/11\/IMG_4526-300x200.jpg 300w, https:\/\/juliachodor.com\/pl\/wp-content\/uploads\/2020\/11\/IMG_4526-768x512.jpg 768w\" sizes=\"auto, (max-width: 800px) 100vw, 800px\" \/><figcaption>Fot. Julia Chodor<\/figcaption><\/figure><\/div>\n\n\n\n<hr class=\"wp-block-separator is-style-wide\"\/>\n\n\n\n<div class=\"wp-block-image\"><figure class=\"aligncenter size-large\"><img loading=\"lazy\" decoding=\"async\" width=\"800\" height=\"533\" src=\"https:\/\/juliachodor.com\/pl\/wp-content\/uploads\/2020\/11\/IMG_4713.jpg\" alt=\"reporta\u017c \u015blubny, fotoreporta\u017c \u015blubny, wesele, fot. Julia Chodor\" class=\"wp-image-212\" srcset=\"https:\/\/juliachodor.com\/pl\/wp-content\/uploads\/2020\/11\/IMG_4713.jpg 800w, https:\/\/juliachodor.com\/pl\/wp-content\/uploads\/2020\/11\/IMG_4713-300x200.jpg 300w, https:\/\/juliachodor.com\/pl\/wp-content\/uploads\/2020\/11\/IMG_4713-768x512.jpg 768w\" sizes=\"auto, (max-width: 800px) 100vw, 800px\" \/><figcaption>Fot. Julia Chodor<\/figcaption><\/figure><\/div>\n\n\n\n<hr class=\"wp-block-separator has-text-color has-background has-gray-background-color has-gray-color is-style-wide\"\/>\n\n\n\n<p class=\"has-text-align-right has-small-font-size\"><a href=\"https:\/\/juliachodor.com\/pl\/klienci-indywidualni\/fotografia-slubna\/\">\u21b5&nbsp; Powr\u00f3t<\/a><\/p>\n","protected":false},"excerpt":{"rendered":"<p>\u21b5&nbsp; Powr\u00f3t \u21b5&nbsp; Powr\u00f3t<\/p>\n","protected":false},"author":1,"featured_media":0,"parent":330,"menu_order":0,"comment_status":"closed","ping_status":"closed","template":"","meta":{"ngg_post_thumbnail":0,"footnotes":"","_links_to":"","_links_to_target":""},"class_list":["post-342","page","type-page","status-publish","hentry"],"_links":{"self":[{"href":"https:\/\/juliachodor.com\/pl\/wp-json\/wp\/v2\/pages\/342","targetHints":{"allow":["GET"]}}],"collection":[{"href":"https:\/\/juliachodor.com\/pl\/wp-json\/wp\/v2\/pages"}],"about":[{"href":"https:\/\/juliachodor.com\/pl\/wp-json\/wp\/v2\/types\/page"}],"author":[{"embeddable":true,"href":"https:\/\/juliachodor.com\/pl\/wp-json\/wp\/v2\/users\/1"}],"replies":[{"embeddable":true,"href":"https:\/\/juliachodor.com\/pl\/wp-json\/wp\/v2\/comments?post=342"}],"version-history":[{"count":6,"href":"https:\/\/juliachodor.com\/pl\/wp-json\/wp\/v2\/pages\/342\/revisions"}],"predecessor-version":[{"id":778,"href":"https:\/\/juliachodor.com\/pl\/wp-json\/wp\/v2\/pages\/342\/revisions\/778"}],"up":[{"embeddable":true,"href":"https:\/\/juliachodor.com\/pl\/wp-json\/wp\/v2\/pages\/330"}],"wp:attachment":[{"href":"https:\/\/juliachodor.com\/pl\/wp-json\/wp\/v2\/media?parent=342"}],"curies":[{"name":"wp","href":"https:\/\/api.w.org\/{rel}","templated":true}]}}