{"id":340,"date":"2020-11-10T15:15:05","date_gmt":"2020-11-10T14:15:05","guid":{"rendered":"https:\/\/juliachodor.com\/ver\/?page_id=340"},"modified":"2020-12-11T10:10:44","modified_gmt":"2020-12-11T09:10:44","slug":"sale-i-bizuteria","status":"publish","type":"page","link":"https:\/\/juliachodor.com\/pl\/fotografia-slubna\/sale-i-bizuteria\/","title":{"rendered":"Sale i Bi\u017cuteria"},"content":{"rendered":"\n<hr class=\"wp-block-separator has-text-color has-background has-gray-background-color has-gray-color is-style-wide\"\/>\n\n\n\n<p class=\"has-text-align-right has-small-font-size\"><a href=\"https:\/\/juliachodor.com\/pl\/klienci-indywidualni\/fotografia-slubna\/\">\u21b5 Powr\u00f3t<\/a><\/p>\n\n\n\n<div class=\"wp-block-image\"><figure class=\"aligncenter size-large\"><img loading=\"lazy\" decoding=\"async\" width=\"800\" height=\"533\" src=\"https:\/\/juliachodor.com\/pl\/wp-content\/uploads\/2020\/11\/160709_JBC_0029.jpg\" alt=\"reporta\u017c \u015blubny, fotoreporta\u017c \u015blubny, wesele, fot. Julia Chodor\" class=\"wp-image-216\" srcset=\"https:\/\/juliachodor.com\/pl\/wp-content\/uploads\/2020\/11\/160709_JBC_0029.jpg 800w, https:\/\/juliachodor.com\/pl\/wp-content\/uploads\/2020\/11\/160709_JBC_0029-300x200.jpg 300w, https:\/\/juliachodor.com\/pl\/wp-content\/uploads\/2020\/11\/160709_JBC_0029-768x512.jpg 768w\" sizes=\"auto, (max-width: 800px) 100vw, 800px\" \/><figcaption>Fot. Julia Chodor<\/figcaption><\/figure><\/div>\n\n\n\n<hr class=\"wp-block-separator is-style-wide\"\/>\n\n\n\n<div class=\"wp-block-image\"><figure class=\"aligncenter size-large\"><img loading=\"lazy\" decoding=\"async\" width=\"800\" height=\"533\" src=\"https:\/\/juliachodor.com\/pl\/wp-content\/uploads\/2020\/11\/160709_JBC_0032.jpg\" alt=\"reporta\u017c \u015blubny, fotoreporta\u017c \u015blubny, wesele, fot. Julia Chodor\" class=\"wp-image-217\" srcset=\"https:\/\/juliachodor.com\/pl\/wp-content\/uploads\/2020\/11\/160709_JBC_0032.jpg 800w, https:\/\/juliachodor.com\/pl\/wp-content\/uploads\/2020\/11\/160709_JBC_0032-300x200.jpg 300w, https:\/\/juliachodor.com\/pl\/wp-content\/uploads\/2020\/11\/160709_JBC_0032-768x512.jpg 768w\" sizes=\"auto, (max-width: 800px) 100vw, 800px\" \/><figcaption>Fot. Julia Chodor<\/figcaption><\/figure><\/div>\n\n\n\n<hr class=\"wp-block-separator is-style-wide\"\/>\n\n\n\n<div class=\"wp-block-image\"><figure class=\"aligncenter size-large\"><img loading=\"lazy\" decoding=\"async\" width=\"800\" height=\"533\" src=\"https:\/\/juliachodor.com\/pl\/wp-content\/uploads\/2020\/11\/160709_JBC_0130.jpg\" alt=\"reporta\u017c \u015blubny, fotoreporta\u017c \u015blubny, wesele, fot. Julia Chodor\" class=\"wp-image-219\" srcset=\"https:\/\/juliachodor.com\/pl\/wp-content\/uploads\/2020\/11\/160709_JBC_0130.jpg 800w, https:\/\/juliachodor.com\/pl\/wp-content\/uploads\/2020\/11\/160709_JBC_0130-300x200.jpg 300w, https:\/\/juliachodor.com\/pl\/wp-content\/uploads\/2020\/11\/160709_JBC_0130-768x512.jpg 768w\" sizes=\"auto, (max-width: 800px) 100vw, 800px\" \/><figcaption>Fot. Julia Chodor<\/figcaption><\/figure><\/div>\n\n\n\n<hr class=\"wp-block-separator is-style-wide\"\/>\n\n\n\n<div class=\"wp-block-image\"><figure class=\"aligncenter size-large\"><img loading=\"lazy\" decoding=\"async\" width=\"800\" height=\"533\" src=\"https:\/\/juliachodor.com\/pl\/wp-content\/uploads\/2020\/11\/160710_JBC_0024.jpg\" alt=\"reporta\u017c \u015blubny, fotoreporta\u017c \u015blubny, wesele, fot. Julia Chodor\" class=\"wp-image-222\" srcset=\"https:\/\/juliachodor.com\/pl\/wp-content\/uploads\/2020\/11\/160710_JBC_0024.jpg 800w, https:\/\/juliachodor.com\/pl\/wp-content\/uploads\/2020\/11\/160710_JBC_0024-300x200.jpg 300w, https:\/\/juliachodor.com\/pl\/wp-content\/uploads\/2020\/11\/160710_JBC_0024-768x512.jpg 768w\" sizes=\"auto, (max-width: 800px) 100vw, 800px\" \/><figcaption>Fot. Julia Chodor<\/figcaption><\/figure><\/div>\n\n\n\n<hr class=\"wp-block-separator is-style-wide\"\/>\n\n\n\n<div class=\"wp-block-image\"><figure class=\"aligncenter size-large\"><img loading=\"lazy\" decoding=\"async\" width=\"800\" height=\"600\" src=\"https:\/\/juliachodor.com\/pl\/wp-content\/uploads\/2020\/11\/160710_JBC_0048.jpg\" alt=\"reporta\u017c \u015blubny, fotoreporta\u017c \u015blubny, wesele, fot. Julia Chodor\" class=\"wp-image-223\" srcset=\"https:\/\/juliachodor.com\/pl\/wp-content\/uploads\/2020\/11\/160710_JBC_0048.jpg 800w, https:\/\/juliachodor.com\/pl\/wp-content\/uploads\/2020\/11\/160710_JBC_0048-300x225.jpg 300w, https:\/\/juliachodor.com\/pl\/wp-content\/uploads\/2020\/11\/160710_JBC_0048-768x576.jpg 768w\" sizes=\"auto, (max-width: 800px) 100vw, 800px\" \/><figcaption>Fot. Julia Chodor<\/figcaption><\/figure><\/div>\n\n\n\n<hr class=\"wp-block-separator is-style-wide\"\/>\n\n\n\n<div class=\"wp-block-image\"><figure class=\"aligncenter size-large\"><img loading=\"lazy\" decoding=\"async\" width=\"800\" height=\"533\" src=\"https:\/\/juliachodor.com\/pl\/wp-content\/uploads\/2020\/11\/160710_JBC_0095-2.jpg\" alt=\"reporta\u017c \u015blubny, fotoreporta\u017c \u015blubny, wesele, fot. Julia Chodor\" class=\"wp-image-225\" srcset=\"https:\/\/juliachodor.com\/pl\/wp-content\/uploads\/2020\/11\/160710_JBC_0095-2.jpg 800w, https:\/\/juliachodor.com\/pl\/wp-content\/uploads\/2020\/11\/160710_JBC_0095-2-300x200.jpg 300w, https:\/\/juliachodor.com\/pl\/wp-content\/uploads\/2020\/11\/160710_JBC_0095-2-768x512.jpg 768w\" sizes=\"auto, (max-width: 800px) 100vw, 800px\" \/><figcaption>Fot. Julia Chodor<\/figcaption><\/figure><\/div>\n\n\n\n<hr class=\"wp-block-separator is-style-wide\"\/>\n\n\n\n<div class=\"wp-block-image\"><figure class=\"aligncenter size-large\"><img loading=\"lazy\" decoding=\"async\" width=\"800\" height=\"533\" src=\"https:\/\/juliachodor.com\/pl\/wp-content\/uploads\/2020\/11\/160712_JBC_0010.jpg\" alt=\"reporta\u017c \u015blubny, fotoreporta\u017c \u015blubny, wesele, fot. Julia Chodor\" class=\"wp-image-214\" srcset=\"https:\/\/juliachodor.com\/pl\/wp-content\/uploads\/2020\/11\/160712_JBC_0010.jpg 800w, https:\/\/juliachodor.com\/pl\/wp-content\/uploads\/2020\/11\/160712_JBC_0010-300x200.jpg 300w, https:\/\/juliachodor.com\/pl\/wp-content\/uploads\/2020\/11\/160712_JBC_0010-768x512.jpg 768w\" sizes=\"auto, (max-width: 800px) 100vw, 800px\" \/><figcaption>Fot. Julia Chodor<\/figcaption><\/figure><\/div>\n\n\n\n<hr class=\"wp-block-separator is-style-wide\"\/>\n\n\n\n<div class=\"wp-block-image\"><figure class=\"aligncenter size-large\"><img loading=\"lazy\" decoding=\"async\" width=\"800\" height=\"600\" src=\"https:\/\/juliachodor.com\/pl\/wp-content\/uploads\/2020\/11\/160712_JBC_0435.jpg\" alt=\"reporta\u017c \u015blubny, fotoreporta\u017c \u015blubny, wesele, fot. Julia Chodor\" class=\"wp-image-215\" srcset=\"https:\/\/juliachodor.com\/pl\/wp-content\/uploads\/2020\/11\/160712_JBC_0435.jpg 800w, https:\/\/juliachodor.com\/pl\/wp-content\/uploads\/2020\/11\/160712_JBC_0435-300x225.jpg 300w, https:\/\/juliachodor.com\/pl\/wp-content\/uploads\/2020\/11\/160712_JBC_0435-768x576.jpg 768w\" sizes=\"auto, (max-width: 800px) 100vw, 800px\" \/><figcaption>Fot. Julia Chodor<\/figcaption><\/figure><\/div>\n\n\n\n<hr class=\"wp-block-separator is-style-wide\"\/>\n\n\n\n<div class=\"wp-block-image\"><figure class=\"aligncenter size-large\"><img loading=\"lazy\" decoding=\"async\" width=\"800\" height=\"533\" src=\"https:\/\/juliachodor.com\/pl\/wp-content\/uploads\/2020\/11\/160710_JBC_0077.jpg\" alt=\"reporta\u017c \u015blubny, fotoreporta\u017c \u015blubny, wesele, fot. Julia Chodor\" class=\"wp-image-224\" srcset=\"https:\/\/juliachodor.com\/pl\/wp-content\/uploads\/2020\/11\/160710_JBC_0077.jpg 800w, https:\/\/juliachodor.com\/pl\/wp-content\/uploads\/2020\/11\/160710_JBC_0077-300x200.jpg 300w, https:\/\/juliachodor.com\/pl\/wp-content\/uploads\/2020\/11\/160710_JBC_0077-768x512.jpg 768w\" sizes=\"auto, (max-width: 800px) 100vw, 800px\" \/><figcaption>Fot. Julia Chodor<\/figcaption><\/figure><\/div>\n\n\n\n<hr class=\"wp-block-separator has-text-color has-background has-gray-background-color has-gray-color is-style-wide\"\/>\n\n\n\n<p class=\"has-text-align-right has-small-font-size\"><a href=\"https:\/\/juliachodor.com\/pl\/klienci-indywidualni\/fotografia-slubna\/\">\u21b5 Powr\u00f3t<\/a><\/p>\n","protected":false},"excerpt":{"rendered":"<p>\u21b5 Powr\u00f3t \u21b5 Powr\u00f3t<\/p>\n","protected":false},"author":1,"featured_media":0,"parent":330,"menu_order":0,"comment_status":"closed","ping_status":"closed","template":"","meta":{"ngg_post_thumbnail":0,"footnotes":"","_links_to":"","_links_to_target":""},"class_list":["post-340","page","type-page","status-publish","hentry"],"_links":{"self":[{"href":"https:\/\/juliachodor.com\/pl\/wp-json\/wp\/v2\/pages\/340","targetHints":{"allow":["GET"]}}],"collection":[{"href":"https:\/\/juliachodor.com\/pl\/wp-json\/wp\/v2\/pages"}],"about":[{"href":"https:\/\/juliachodor.com\/pl\/wp-json\/wp\/v2\/types\/page"}],"author":[{"embeddable":true,"href":"https:\/\/juliachodor.com\/pl\/wp-json\/wp\/v2\/users\/1"}],"replies":[{"embeddable":true,"href":"https:\/\/juliachodor.com\/pl\/wp-json\/wp\/v2\/comments?post=340"}],"version-history":[{"count":6,"href":"https:\/\/juliachodor.com\/pl\/wp-json\/wp\/v2\/pages\/340\/revisions"}],"predecessor-version":[{"id":776,"href":"https:\/\/juliachodor.com\/pl\/wp-json\/wp\/v2\/pages\/340\/revisions\/776"}],"up":[{"embeddable":true,"href":"https:\/\/juliachodor.com\/pl\/wp-json\/wp\/v2\/pages\/330"}],"wp:attachment":[{"href":"https:\/\/juliachodor.com\/pl\/wp-json\/wp\/v2\/media?parent=340"}],"curies":[{"name":"wp","href":"https:\/\/api.w.org\/{rel}","templated":true}]}}