{"id":338,"date":"2020-11-10T15:13:20","date_gmt":"2020-11-10T14:13:20","guid":{"rendered":"https:\/\/juliachodor.com\/ver\/?page_id=338"},"modified":"2020-12-11T10:06:14","modified_gmt":"2020-12-11T09:06:14","slug":"przygotowania","status":"publish","type":"page","link":"https:\/\/juliachodor.com\/pl\/fotografia-slubna\/przygotowania\/","title":{"rendered":"Przygotowania"},"content":{"rendered":"\n<hr class=\"wp-block-separator has-text-color has-background has-gray-background-color has-gray-color is-style-wide\"\/>\n\n\n\n<p class=\"has-text-align-right has-small-font-size\"><a href=\"https:\/\/juliachodor.com\/pl\/klienci-indywidualni\/fotografia-slubna\/\">\u21b5 Powr\u00f3t<\/a><\/p>\n\n\n\n<div class=\"wp-block-image\"><figure class=\"aligncenter size-large\"><img loading=\"lazy\" decoding=\"async\" width=\"800\" height=\"533\" src=\"https:\/\/juliachodor.com\/pl\/wp-content\/uploads\/2020\/11\/130727_JBS_0197.jpg\" alt=\"reporta\u017c \u015blubny, fotoreporta\u017c \u015blubny, przygotowania, fot. Julia Chodor\" class=\"wp-image-154\" srcset=\"https:\/\/juliachodor.com\/pl\/wp-content\/uploads\/2020\/11\/130727_JBS_0197.jpg 800w, https:\/\/juliachodor.com\/pl\/wp-content\/uploads\/2020\/11\/130727_JBS_0197-300x200.jpg 300w, https:\/\/juliachodor.com\/pl\/wp-content\/uploads\/2020\/11\/130727_JBS_0197-768x512.jpg 768w\" sizes=\"auto, (max-width: 800px) 100vw, 800px\" \/><figcaption>Fot. Julia Chodor<\/figcaption><\/figure><\/div>\n\n\n\n<hr class=\"wp-block-separator is-style-wide\"\/>\n\n\n\n<div class=\"wp-block-image\"><figure class=\"aligncenter size-large\"><img loading=\"lazy\" decoding=\"async\" width=\"800\" height=\"533\" src=\"https:\/\/juliachodor.com\/pl\/wp-content\/uploads\/2020\/11\/130727_JBS_0235.jpg\" alt=\"reporta\u017c \u015blubny, fotoreporta\u017c \u015blubny, przygotowania, fot. Julia Chodor\" class=\"wp-image-155\" srcset=\"https:\/\/juliachodor.com\/pl\/wp-content\/uploads\/2020\/11\/130727_JBS_0235.jpg 800w, https:\/\/juliachodor.com\/pl\/wp-content\/uploads\/2020\/11\/130727_JBS_0235-300x200.jpg 300w, https:\/\/juliachodor.com\/pl\/wp-content\/uploads\/2020\/11\/130727_JBS_0235-768x512.jpg 768w\" sizes=\"auto, (max-width: 800px) 100vw, 800px\" \/><figcaption>Fot. Julia Chodor<\/figcaption><\/figure><\/div>\n\n\n\n<hr class=\"wp-block-separator is-style-wide\"\/>\n\n\n\n<div class=\"wp-block-image\"><figure class=\"aligncenter size-large\"><img loading=\"lazy\" decoding=\"async\" width=\"800\" height=\"533\" src=\"https:\/\/juliachodor.com\/pl\/wp-content\/uploads\/2020\/11\/130727_JBS_0255.jpg\" alt=\"reporta\u017c \u015blubny, fotoreporta\u017c \u015blubny, przygotowania, fot. Julia Chodor\" class=\"wp-image-156\" srcset=\"https:\/\/juliachodor.com\/pl\/wp-content\/uploads\/2020\/11\/130727_JBS_0255.jpg 800w, https:\/\/juliachodor.com\/pl\/wp-content\/uploads\/2020\/11\/130727_JBS_0255-300x200.jpg 300w, https:\/\/juliachodor.com\/pl\/wp-content\/uploads\/2020\/11\/130727_JBS_0255-768x512.jpg 768w\" sizes=\"auto, (max-width: 800px) 100vw, 800px\" \/><figcaption>Fot. Julia Chodor<\/figcaption><\/figure><\/div>\n\n\n\n<hr class=\"wp-block-separator is-style-wide\"\/>\n\n\n\n<div class=\"wp-block-image\"><figure class=\"aligncenter size-large\"><img loading=\"lazy\" decoding=\"async\" width=\"800\" height=\"533\" src=\"https:\/\/juliachodor.com\/pl\/wp-content\/uploads\/2020\/11\/130727_JBS_0267.jpg\" alt=\"reporta\u017c \u015blubny, fotoreporta\u017c \u015blubny, przygotowania, fot. Julia Chodor\" class=\"wp-image-157\" srcset=\"https:\/\/juliachodor.com\/pl\/wp-content\/uploads\/2020\/11\/130727_JBS_0267.jpg 800w, https:\/\/juliachodor.com\/pl\/wp-content\/uploads\/2020\/11\/130727_JBS_0267-300x200.jpg 300w, https:\/\/juliachodor.com\/pl\/wp-content\/uploads\/2020\/11\/130727_JBS_0267-768x512.jpg 768w\" sizes=\"auto, (max-width: 800px) 100vw, 800px\" \/><figcaption>Fot. Julia Chodor<\/figcaption><\/figure><\/div>\n\n\n\n<hr class=\"wp-block-separator is-style-wide\"\/>\n\n\n\n<div class=\"wp-block-image\"><figure class=\"aligncenter size-large\"><img loading=\"lazy\" decoding=\"async\" width=\"800\" height=\"533\" src=\"https:\/\/juliachodor.com\/pl\/wp-content\/uploads\/2020\/11\/130727_JBS_0276.jpg\" alt=\"reporta\u017c \u015blubny, fotoreporta\u017c \u015blubny, przygotowania, fot. Julia Chodor\" class=\"wp-image-158\" srcset=\"https:\/\/juliachodor.com\/pl\/wp-content\/uploads\/2020\/11\/130727_JBS_0276.jpg 800w, https:\/\/juliachodor.com\/pl\/wp-content\/uploads\/2020\/11\/130727_JBS_0276-300x200.jpg 300w, https:\/\/juliachodor.com\/pl\/wp-content\/uploads\/2020\/11\/130727_JBS_0276-768x512.jpg 768w\" sizes=\"auto, (max-width: 800px) 100vw, 800px\" \/><figcaption>Fot. Julia Chodor<\/figcaption><\/figure><\/div>\n\n\n\n<hr class=\"wp-block-separator is-style-wide\"\/>\n\n\n\n<div class=\"wp-block-image\"><figure class=\"aligncenter size-large\"><img loading=\"lazy\" decoding=\"async\" width=\"800\" height=\"533\" src=\"https:\/\/juliachodor.com\/pl\/wp-content\/uploads\/2020\/11\/130727_JBS_0296.jpg\" alt=\"reporta\u017c \u015blubny, fotoreporta\u017c \u015blubny, przygotowania, fot. Julia Chodor\" class=\"wp-image-159\" srcset=\"https:\/\/juliachodor.com\/pl\/wp-content\/uploads\/2020\/11\/130727_JBS_0296.jpg 800w, https:\/\/juliachodor.com\/pl\/wp-content\/uploads\/2020\/11\/130727_JBS_0296-300x200.jpg 300w, https:\/\/juliachodor.com\/pl\/wp-content\/uploads\/2020\/11\/130727_JBS_0296-768x512.jpg 768w\" sizes=\"auto, (max-width: 800px) 100vw, 800px\" \/><figcaption>Fot. Julia Chodor<\/figcaption><\/figure><\/div>\n\n\n\n<hr class=\"wp-block-separator is-style-wide\"\/>\n\n\n\n<div class=\"wp-block-image\"><figure class=\"aligncenter size-large\"><img loading=\"lazy\" decoding=\"async\" width=\"800\" height=\"533\" src=\"https:\/\/juliachodor.com\/pl\/wp-content\/uploads\/2020\/11\/090912_JBS_0032.jpg\" alt=\"\" class=\"wp-image-161\" srcset=\"https:\/\/juliachodor.com\/pl\/wp-content\/uploads\/2020\/11\/090912_JBS_0032.jpg 800w, https:\/\/juliachodor.com\/pl\/wp-content\/uploads\/2020\/11\/090912_JBS_0032-300x200.jpg 300w, https:\/\/juliachodor.com\/pl\/wp-content\/uploads\/2020\/11\/090912_JBS_0032-768x512.jpg 768w\" sizes=\"auto, (max-width: 800px) 100vw, 800px\" \/><figcaption>Fot. Julia Chodor<\/figcaption><\/figure><\/div>\n\n\n\n<hr class=\"wp-block-separator is-style-wide\"\/>\n\n\n\n<div class=\"wp-block-image\"><figure class=\"aligncenter size-large\"><img loading=\"lazy\" decoding=\"async\" width=\"800\" height=\"533\" src=\"https:\/\/juliachodor.com\/pl\/wp-content\/uploads\/2020\/11\/090912_JBS_0025.jpg\" alt=\"reporta\u017c \u015blubny, fotoreporta\u017c \u015blubny, przygotowania, fot. Julia Chodor\" class=\"wp-image-160\" srcset=\"https:\/\/juliachodor.com\/pl\/wp-content\/uploads\/2020\/11\/090912_JBS_0025.jpg 800w, https:\/\/juliachodor.com\/pl\/wp-content\/uploads\/2020\/11\/090912_JBS_0025-300x200.jpg 300w, https:\/\/juliachodor.com\/pl\/wp-content\/uploads\/2020\/11\/090912_JBS_0025-768x512.jpg 768w\" sizes=\"auto, (max-width: 800px) 100vw, 800px\" \/><figcaption>Fot. Julia Chodor<\/figcaption><\/figure><\/div>\n\n\n\n<hr class=\"wp-block-separator is-style-wide\"\/>\n\n\n\n<div class=\"wp-block-image\"><figure class=\"aligncenter size-large\"><img loading=\"lazy\" decoding=\"async\" width=\"533\" height=\"800\" src=\"https:\/\/juliachodor.com\/pl\/wp-content\/uploads\/2020\/11\/090912_JBS_0037.jpg\" alt=\"reporta\u017c \u015blubny, fotoreporta\u017c \u015blubny, przygotowania, fot. Julia Chodor\" class=\"wp-image-147\" srcset=\"https:\/\/juliachodor.com\/pl\/wp-content\/uploads\/2020\/11\/090912_JBS_0037.jpg 533w, https:\/\/juliachodor.com\/pl\/wp-content\/uploads\/2020\/11\/090912_JBS_0037-200x300.jpg 200w\" sizes=\"auto, (max-width: 533px) 100vw, 533px\" \/><figcaption>Fot. Julia Chodor<\/figcaption><\/figure><\/div>\n\n\n\n<hr class=\"wp-block-separator is-style-wide\"\/>\n\n\n\n<div class=\"wp-block-image\"><figure class=\"aligncenter size-large\"><img loading=\"lazy\" decoding=\"async\" width=\"800\" height=\"533\" src=\"https:\/\/juliachodor.com\/pl\/wp-content\/uploads\/2020\/11\/090912_JBS_0064.jpg\" alt=\"reporta\u017c \u015blubny, fotoreporta\u017c \u015blubny, przygotowania, fot. Julia Chodor\" class=\"wp-image-149\" srcset=\"https:\/\/juliachodor.com\/pl\/wp-content\/uploads\/2020\/11\/090912_JBS_0064.jpg 800w, https:\/\/juliachodor.com\/pl\/wp-content\/uploads\/2020\/11\/090912_JBS_0064-300x200.jpg 300w, https:\/\/juliachodor.com\/pl\/wp-content\/uploads\/2020\/11\/090912_JBS_0064-768x512.jpg 768w\" sizes=\"auto, (max-width: 800px) 100vw, 800px\" \/><figcaption>Fot. Julia Chodor<\/figcaption><\/figure><\/div>\n\n\n\n<hr class=\"wp-block-separator is-style-wide\"\/>\n\n\n\n<div class=\"wp-block-image\"><figure class=\"aligncenter size-large\"><img loading=\"lazy\" decoding=\"async\" width=\"800\" height=\"533\" src=\"https:\/\/juliachodor.com\/pl\/wp-content\/uploads\/2020\/11\/090912_JBS_0050.jpg\" alt=\"reporta\u017c \u015blubny, fotoreporta\u017c \u015blubny, przygotowania, fot. Julia Chodor\" class=\"wp-image-148\" srcset=\"https:\/\/juliachodor.com\/pl\/wp-content\/uploads\/2020\/11\/090912_JBS_0050.jpg 800w, https:\/\/juliachodor.com\/pl\/wp-content\/uploads\/2020\/11\/090912_JBS_0050-300x200.jpg 300w, https:\/\/juliachodor.com\/pl\/wp-content\/uploads\/2020\/11\/090912_JBS_0050-768x512.jpg 768w\" sizes=\"auto, (max-width: 800px) 100vw, 800px\" \/><figcaption>Fot. Julia Chodor<\/figcaption><\/figure><\/div>\n\n\n\n<hr class=\"wp-block-separator is-style-wide\"\/>\n\n\n\n<div class=\"wp-block-image\"><figure class=\"aligncenter size-large\"><img loading=\"lazy\" decoding=\"async\" width=\"800\" height=\"600\" src=\"https:\/\/juliachodor.com\/pl\/wp-content\/uploads\/2020\/11\/120804_JBS_0104.jpg\" alt=\"reporta\u017c \u015blubny, fotoreporta\u017c \u015blubny, przygotowania, fot. Julia Chodor\" class=\"wp-image-150\" srcset=\"https:\/\/juliachodor.com\/pl\/wp-content\/uploads\/2020\/11\/120804_JBS_0104.jpg 800w, https:\/\/juliachodor.com\/pl\/wp-content\/uploads\/2020\/11\/120804_JBS_0104-300x225.jpg 300w, https:\/\/juliachodor.com\/pl\/wp-content\/uploads\/2020\/11\/120804_JBS_0104-768x576.jpg 768w\" sizes=\"auto, (max-width: 800px) 100vw, 800px\" \/><figcaption>Fot. Julia Chodor<\/figcaption><\/figure><\/div>\n\n\n\n<hr class=\"wp-block-separator is-style-wide\"\/>\n\n\n\n<div class=\"wp-block-image\"><figure class=\"aligncenter size-large\"><img loading=\"lazy\" decoding=\"async\" width=\"800\" height=\"533\" src=\"https:\/\/juliachodor.com\/pl\/wp-content\/uploads\/2020\/11\/120804_JBS_0128.jpg\" alt=\"reporta\u017c \u015blubny, fotoreporta\u017c \u015blubny, przygotowania, fot. Julia Chodor\" class=\"wp-image-151\" srcset=\"https:\/\/juliachodor.com\/pl\/wp-content\/uploads\/2020\/11\/120804_JBS_0128.jpg 800w, https:\/\/juliachodor.com\/pl\/wp-content\/uploads\/2020\/11\/120804_JBS_0128-300x200.jpg 300w, https:\/\/juliachodor.com\/pl\/wp-content\/uploads\/2020\/11\/120804_JBS_0128-768x512.jpg 768w\" sizes=\"auto, (max-width: 800px) 100vw, 800px\" \/><figcaption>Fot. Julia Chodor<\/figcaption><\/figure><\/div>\n\n\n\n<hr class=\"wp-block-separator is-style-wide\"\/>\n\n\n\n<div class=\"wp-block-image\"><figure class=\"aligncenter size-large\"><img loading=\"lazy\" decoding=\"async\" width=\"800\" height=\"533\" src=\"https:\/\/juliachodor.com\/pl\/wp-content\/uploads\/2020\/11\/120804_JBS_0162.jpg\" alt=\"reporta\u017c \u015blubny, fotoreporta\u017c \u015blubny, przygotowania, fot. Julia Chodor\" class=\"wp-image-152\" srcset=\"https:\/\/juliachodor.com\/pl\/wp-content\/uploads\/2020\/11\/120804_JBS_0162.jpg 800w, https:\/\/juliachodor.com\/pl\/wp-content\/uploads\/2020\/11\/120804_JBS_0162-300x200.jpg 300w, https:\/\/juliachodor.com\/pl\/wp-content\/uploads\/2020\/11\/120804_JBS_0162-768x512.jpg 768w\" sizes=\"auto, (max-width: 800px) 100vw, 800px\" \/><figcaption>Fot. Julia Chodor<\/figcaption><\/figure><\/div>\n\n\n\n<hr class=\"wp-block-separator is-style-wide\"\/>\n\n\n\n<div class=\"wp-block-image\"><figure class=\"aligncenter size-large\"><img loading=\"lazy\" decoding=\"async\" width=\"800\" height=\"533\" src=\"https:\/\/juliachodor.com\/pl\/wp-content\/uploads\/2020\/11\/120804_JBS_0173.jpg\" alt=\"reporta\u017c \u015blubny, fotoreporta\u017c \u015blubny, przygotowania, fot. Julia Chodor\" class=\"wp-image-153\" srcset=\"https:\/\/juliachodor.com\/pl\/wp-content\/uploads\/2020\/11\/120804_JBS_0173.jpg 800w, https:\/\/juliachodor.com\/pl\/wp-content\/uploads\/2020\/11\/120804_JBS_0173-300x200.jpg 300w, https:\/\/juliachodor.com\/pl\/wp-content\/uploads\/2020\/11\/120804_JBS_0173-768x512.jpg 768w\" sizes=\"auto, (max-width: 800px) 100vw, 800px\" \/><figcaption>Fot. Julia Chodor<\/figcaption><\/figure><\/div>\n\n\n\n<hr class=\"wp-block-separator has-text-color has-background has-gray-background-color has-gray-color is-style-wide\"\/>\n\n\n\n<p class=\"has-text-align-right has-small-font-size\"><a href=\"https:\/\/juliachodor.com\/pl\/klienci-indywidualni\/fotografia-slubna\/\">\u21b5 Powr\u00f3t<\/a><\/p>\n","protected":false},"excerpt":{"rendered":"<p>\u21b5 Powr\u00f3t \u21b5 Powr\u00f3t<\/p>\n","protected":false},"author":1,"featured_media":0,"parent":330,"menu_order":0,"comment_status":"closed","ping_status":"closed","template":"","meta":{"ngg_post_thumbnail":0,"footnotes":"","_links_to":"","_links_to_target":""},"class_list":["post-338","page","type-page","status-publish","hentry"],"_links":{"self":[{"href":"https:\/\/juliachodor.com\/pl\/wp-json\/wp\/v2\/pages\/338","targetHints":{"allow":["GET"]}}],"collection":[{"href":"https:\/\/juliachodor.com\/pl\/wp-json\/wp\/v2\/pages"}],"about":[{"href":"https:\/\/juliachodor.com\/pl\/wp-json\/wp\/v2\/types\/page"}],"author":[{"embeddable":true,"href":"https:\/\/juliachodor.com\/pl\/wp-json\/wp\/v2\/users\/1"}],"replies":[{"embeddable":true,"href":"https:\/\/juliachodor.com\/pl\/wp-json\/wp\/v2\/comments?post=338"}],"version-history":[{"count":4,"href":"https:\/\/juliachodor.com\/pl\/wp-json\/wp\/v2\/pages\/338\/revisions"}],"predecessor-version":[{"id":774,"href":"https:\/\/juliachodor.com\/pl\/wp-json\/wp\/v2\/pages\/338\/revisions\/774"}],"up":[{"embeddable":true,"href":"https:\/\/juliachodor.com\/pl\/wp-json\/wp\/v2\/pages\/330"}],"wp:attachment":[{"href":"https:\/\/juliachodor.com\/pl\/wp-json\/wp\/v2\/media?parent=338"}],"curies":[{"name":"wp","href":"https:\/\/api.w.org\/{rel}","templated":true}]}}