{"id":336,"date":"2020-11-10T15:12:18","date_gmt":"2020-11-10T14:12:18","guid":{"rendered":"https:\/\/juliachodor.com\/ver\/?page_id=336"},"modified":"2020-12-11T10:00:07","modified_gmt":"2020-12-11T09:00:07","slug":"portret-slubny","status":"publish","type":"page","link":"https:\/\/juliachodor.com\/pl\/fotografia-slubna\/portret-slubny\/","title":{"rendered":"Portret \u015alubny"},"content":{"rendered":"\n<hr class=\"wp-block-separator has-text-color has-background has-gray-background-color has-gray-color is-style-wide\"\/>\n\n\n\n<p class=\"has-text-align-right has-small-font-size\"><a href=\"https:\/\/juliachodor.com\/pl\/klienci-indywidualni\/fotografia-slubna\/\">\u21b5 Powr\u00f3t<\/a><\/p>\n\n\n\n<div class=\"wp-block-image\"><figure class=\"aligncenter size-large\"><img loading=\"lazy\" decoding=\"async\" width=\"533\" height=\"800\" src=\"https:\/\/juliachodor.com\/pl\/wp-content\/uploads\/2020\/11\/01_PDH1569-2.jpg\" alt=\"portret \u015blubny, sesje \u015blubne, reporta\u017c \u015blubny, fot. Julia Chodor\" class=\"wp-image-138\" srcset=\"https:\/\/juliachodor.com\/pl\/wp-content\/uploads\/2020\/11\/01_PDH1569-2.jpg 533w, https:\/\/juliachodor.com\/pl\/wp-content\/uploads\/2020\/11\/01_PDH1569-2-200x300.jpg 200w\" sizes=\"auto, (max-width: 533px) 100vw, 533px\" \/><figcaption>Fot. Julia Chodor<\/figcaption><\/figure><\/div>\n\n\n\n<hr class=\"wp-block-separator is-style-wide\"\/>\n\n\n\n<div class=\"wp-block-image\"><figure class=\"aligncenter size-large\"><img loading=\"lazy\" decoding=\"async\" width=\"533\" height=\"800\" src=\"https:\/\/juliachodor.com\/pl\/wp-content\/uploads\/2020\/11\/02_PDH1586-2.jpg\" alt=\"portret \u015blubny, sesje \u015blubne, reporta\u017c \u015blubny, fot. Julia Chodor\" class=\"wp-image-139\" srcset=\"https:\/\/juliachodor.com\/pl\/wp-content\/uploads\/2020\/11\/02_PDH1586-2.jpg 533w, https:\/\/juliachodor.com\/pl\/wp-content\/uploads\/2020\/11\/02_PDH1586-2-200x300.jpg 200w\" sizes=\"auto, (max-width: 533px) 100vw, 533px\" \/><figcaption>Fot. Julia Chodor<\/figcaption><\/figure><\/div>\n\n\n\n<hr class=\"wp-block-separator is-style-wide\"\/>\n\n\n\n<div class=\"wp-block-image\"><figure class=\"aligncenter size-large\"><img loading=\"lazy\" decoding=\"async\" width=\"533\" height=\"800\" src=\"https:\/\/juliachodor.com\/pl\/wp-content\/uploads\/2020\/11\/03_PDH1609-2.jpg\" alt=\"portret \u015blubny, sesje \u015blubne, reporta\u017c \u015blubny, fot. Julia Chodor\" class=\"wp-image-140\" srcset=\"https:\/\/juliachodor.com\/pl\/wp-content\/uploads\/2020\/11\/03_PDH1609-2.jpg 533w, https:\/\/juliachodor.com\/pl\/wp-content\/uploads\/2020\/11\/03_PDH1609-2-200x300.jpg 200w\" sizes=\"auto, (max-width: 533px) 100vw, 533px\" \/><figcaption>Fot. Julia Chodor<\/figcaption><\/figure><\/div>\n\n\n\n<hr class=\"wp-block-separator is-style-wide\"\/>\n\n\n\n<div class=\"wp-block-image\"><figure class=\"aligncenter size-large\"><img loading=\"lazy\" decoding=\"async\" width=\"533\" height=\"800\" src=\"https:\/\/juliachodor.com\/pl\/wp-content\/uploads\/2020\/11\/04_160903_JBC_080-Edit.jpg\" alt=\"portret \u015blubny, sesje \u015blubne, reporta\u017c \u015blubny, fot. Julia Chodor\" class=\"wp-image-141\" srcset=\"https:\/\/juliachodor.com\/pl\/wp-content\/uploads\/2020\/11\/04_160903_JBC_080-Edit.jpg 533w, https:\/\/juliachodor.com\/pl\/wp-content\/uploads\/2020\/11\/04_160903_JBC_080-Edit-200x300.jpg 200w\" sizes=\"auto, (max-width: 533px) 100vw, 533px\" \/><figcaption>Fot. Julia Chodor<\/figcaption><\/figure><\/div>\n\n\n\n<hr class=\"wp-block-separator is-style-wide\"\/>\n\n\n\n<div class=\"wp-block-image\"><figure class=\"aligncenter size-large\"><img loading=\"lazy\" decoding=\"async\" width=\"533\" height=\"800\" src=\"https:\/\/juliachodor.com\/pl\/wp-content\/uploads\/2020\/11\/05_160903_JBC_187-Edit-2.jpg\" alt=\"portret \u015blubny, sesje \u015blubne, reporta\u017c \u015blubny, fot. Julia Chodor\" class=\"wp-image-142\" srcset=\"https:\/\/juliachodor.com\/pl\/wp-content\/uploads\/2020\/11\/05_160903_JBC_187-Edit-2.jpg 533w, https:\/\/juliachodor.com\/pl\/wp-content\/uploads\/2020\/11\/05_160903_JBC_187-Edit-2-200x300.jpg 200w\" sizes=\"auto, (max-width: 533px) 100vw, 533px\" \/><figcaption>Fot. Julia Chodor<\/figcaption><\/figure><\/div>\n\n\n\n<hr class=\"wp-block-separator is-style-wide\"\/>\n\n\n\n<div class=\"wp-block-image\"><figure class=\"aligncenter size-large\"><img loading=\"lazy\" decoding=\"async\" width=\"800\" height=\"546\" src=\"https:\/\/juliachodor.com\/pl\/wp-content\/uploads\/2020\/11\/06_160903_JBC_196-Edit.jpg\" alt=\"portret \u015blubny, sesje \u015blubne, reporta\u017c \u015blubny, fot. Julia Chodor\" class=\"wp-image-143\" srcset=\"https:\/\/juliachodor.com\/pl\/wp-content\/uploads\/2020\/11\/06_160903_JBC_196-Edit.jpg 800w, https:\/\/juliachodor.com\/pl\/wp-content\/uploads\/2020\/11\/06_160903_JBC_196-Edit-300x205.jpg 300w, https:\/\/juliachodor.com\/pl\/wp-content\/uploads\/2020\/11\/06_160903_JBC_196-Edit-768x524.jpg 768w\" sizes=\"auto, (max-width: 800px) 100vw, 800px\" \/><figcaption>Fot. Julia Chodor<\/figcaption><\/figure><\/div>\n\n\n\n<hr class=\"wp-block-separator is-style-wide\"\/>\n\n\n\n<div class=\"wp-block-image\"><figure class=\"aligncenter size-large\"><img loading=\"lazy\" decoding=\"async\" width=\"533\" height=\"800\" src=\"https:\/\/juliachodor.com\/pl\/wp-content\/uploads\/2020\/11\/07_EXHIBIT09160126.jpg\" alt=\"portret \u015blubny, sesje \u015blubne, reporta\u017c \u015blubny, fot. Julia Chodor\" class=\"wp-image-144\" srcset=\"https:\/\/juliachodor.com\/pl\/wp-content\/uploads\/2020\/11\/07_EXHIBIT09160126.jpg 533w, https:\/\/juliachodor.com\/pl\/wp-content\/uploads\/2020\/11\/07_EXHIBIT09160126-200x300.jpg 200w\" sizes=\"auto, (max-width: 533px) 100vw, 533px\" \/><figcaption>Fot. Julia Chodor<\/figcaption><\/figure><\/div>\n\n\n\n<hr class=\"wp-block-separator is-style-wide\"\/>\n\n\n\n<div class=\"wp-block-image\"><figure class=\"aligncenter size-large\"><img loading=\"lazy\" decoding=\"async\" width=\"533\" height=\"800\" src=\"https:\/\/juliachodor.com\/pl\/wp-content\/uploads\/2020\/11\/08_EXHIBIT09160113.jpg\" alt=\"portret \u015blubny, sesje \u015blubne, reporta\u017c \u015blubny, fot. Julia Chodor\" class=\"wp-image-145\" srcset=\"https:\/\/juliachodor.com\/pl\/wp-content\/uploads\/2020\/11\/08_EXHIBIT09160113.jpg 533w, https:\/\/juliachodor.com\/pl\/wp-content\/uploads\/2020\/11\/08_EXHIBIT09160113-200x300.jpg 200w\" sizes=\"auto, (max-width: 533px) 100vw, 533px\" \/><figcaption>Fot. Julia Chodor<\/figcaption><\/figure><\/div>\n\n\n\n<hr class=\"wp-block-separator is-style-wide\"\/>\n\n\n\n<div class=\"wp-block-image\"><figure class=\"aligncenter size-large\"><img loading=\"lazy\" decoding=\"async\" width=\"533\" height=\"800\" src=\"https:\/\/juliachodor.com\/pl\/wp-content\/uploads\/2020\/11\/09_EXHIBIT09160101.jpg\" alt=\"portret \u015blubny, sesje \u015blubne, reporta\u017c \u015blubny, fot. Julia Chodor\" class=\"wp-image-146\" srcset=\"https:\/\/juliachodor.com\/pl\/wp-content\/uploads\/2020\/11\/09_EXHIBIT09160101.jpg 533w, https:\/\/juliachodor.com\/pl\/wp-content\/uploads\/2020\/11\/09_EXHIBIT09160101-200x300.jpg 200w\" sizes=\"auto, (max-width: 533px) 100vw, 533px\" \/><figcaption>Fot. Julia Chodor<\/figcaption><\/figure><\/div>\n\n\n\n<hr class=\"wp-block-separator has-text-color has-background has-gray-background-color has-gray-color is-style-wide\"\/>\n\n\n\n<p class=\"has-text-align-right has-small-font-size\"><a href=\"https:\/\/juliachodor.com\/pl\/klienci-indywidualni\/fotografia-slubna\/\">\u21b5 Powr\u00f3t<\/a><\/p>\n","protected":false},"excerpt":{"rendered":"<p>\u21b5 Powr\u00f3t \u21b5 Powr\u00f3t<\/p>\n","protected":false},"author":1,"featured_media":0,"parent":330,"menu_order":0,"comment_status":"closed","ping_status":"closed","template":"","meta":{"ngg_post_thumbnail":0,"footnotes":"","_links_to":"","_links_to_target":""},"class_list":["post-336","page","type-page","status-publish","hentry"],"_links":{"self":[{"href":"https:\/\/juliachodor.com\/pl\/wp-json\/wp\/v2\/pages\/336","targetHints":{"allow":["GET"]}}],"collection":[{"href":"https:\/\/juliachodor.com\/pl\/wp-json\/wp\/v2\/pages"}],"about":[{"href":"https:\/\/juliachodor.com\/pl\/wp-json\/wp\/v2\/types\/page"}],"author":[{"embeddable":true,"href":"https:\/\/juliachodor.com\/pl\/wp-json\/wp\/v2\/users\/1"}],"replies":[{"embeddable":true,"href":"https:\/\/juliachodor.com\/pl\/wp-json\/wp\/v2\/comments?post=336"}],"version-history":[{"count":6,"href":"https:\/\/juliachodor.com\/pl\/wp-json\/wp\/v2\/pages\/336\/revisions"}],"predecessor-version":[{"id":773,"href":"https:\/\/juliachodor.com\/pl\/wp-json\/wp\/v2\/pages\/336\/revisions\/773"}],"up":[{"embeddable":true,"href":"https:\/\/juliachodor.com\/pl\/wp-json\/wp\/v2\/pages\/330"}],"wp:attachment":[{"href":"https:\/\/juliachodor.com\/pl\/wp-json\/wp\/v2\/media?parent=336"}],"curies":[{"name":"wp","href":"https:\/\/api.w.org\/{rel}","templated":true}]}}