{"id":332,"date":"2020-11-10T15:09:08","date_gmt":"2020-11-10T14:09:08","guid":{"rendered":"https:\/\/juliachodor.com\/ver\/?page_id=332"},"modified":"2020-12-10T15:32:16","modified_gmt":"2020-12-10T14:32:16","slug":"cennik","status":"publish","type":"page","link":"https:\/\/juliachodor.com\/pl\/fotografia-slubna\/cennik\/","title":{"rendered":"Cennik"},"content":{"rendered":"\n<hr class=\"wp-block-separator has-text-color has-background has-gray-background-color has-gray-color is-style-wide\"\/>\n\n\n\n<p class=\"has-text-align-right has-small-font-size\"><a href=\"https:\/\/juliachodor.com\/pl\/klienci-indywidualni\/fotografia-slubna\/\">\u21b5 Powr\u00f3t<\/a><\/p>\n\n\n\n<figure class=\"wp-block-image alignwide size-large is-style-default\"><img loading=\"lazy\" decoding=\"async\" width=\"1024\" height=\"724\" src=\"https:\/\/juliachodor.com\/pl\/wp-content\/uploads\/190702-cennik-slubny-dla-klienta-1024x724.jpg\" alt=\"\" class=\"wp-image-744\" srcset=\"https:\/\/juliachodor.com\/pl\/wp-content\/uploads\/190702-cennik-slubny-dla-klienta-1024x724.jpg 1024w, https:\/\/juliachodor.com\/pl\/wp-content\/uploads\/190702-cennik-slubny-dla-klienta-300x212.jpg 300w, https:\/\/juliachodor.com\/pl\/wp-content\/uploads\/190702-cennik-slubny-dla-klienta-768x543.jpg 768w, https:\/\/juliachodor.com\/pl\/wp-content\/uploads\/190702-cennik-slubny-dla-klienta-1536x1085.jpg 1536w, https:\/\/juliachodor.com\/pl\/wp-content\/uploads\/190702-cennik-slubny-dla-klienta-2048x1447.jpg 2048w\" sizes=\"auto, (max-width: 1024px) 100vw, 1024px\" \/><\/figure>\n\n\n\n<p>Ceny za odbitki, foto-ksi\u0105\u017cki itd. ustalane s\u0105 osobno w zale\u017cno\u015bci od \u017cyczenia Klienta.<\/p>\n\n\n\n<hr class=\"wp-block-separator has-text-color has-background has-gray-background-color has-gray-color is-style-wide\"\/>\n\n\n\n<p class=\"has-text-align-right has-small-font-size\"><a href=\"https:\/\/juliachodor.com\/pl\/klienci-indywidualni\/fotografia-slubna\/\">\u21b5 Powr\u00f3t<\/a><\/p>\n","protected":false},"excerpt":{"rendered":"<p>\u21b5 Powr\u00f3t Ceny za odbitki, foto-ksi\u0105\u017cki itd. ustalane s\u0105 osobno w zale\u017cno\u015bci od \u017cyczenia Klienta. \u21b5 Powr\u00f3t<\/p>\n","protected":false},"author":1,"featured_media":0,"parent":330,"menu_order":0,"comment_status":"closed","ping_status":"closed","template":"","meta":{"ngg_post_thumbnail":0,"footnotes":"","_links_to":"","_links_to_target":""},"class_list":["post-332","page","type-page","status-publish","hentry"],"_links":{"self":[{"href":"https:\/\/juliachodor.com\/pl\/wp-json\/wp\/v2\/pages\/332","targetHints":{"allow":["GET"]}}],"collection":[{"href":"https:\/\/juliachodor.com\/pl\/wp-json\/wp\/v2\/pages"}],"about":[{"href":"https:\/\/juliachodor.com\/pl\/wp-json\/wp\/v2\/types\/page"}],"author":[{"embeddable":true,"href":"https:\/\/juliachodor.com\/pl\/wp-json\/wp\/v2\/users\/1"}],"replies":[{"embeddable":true,"href":"https:\/\/juliachodor.com\/pl\/wp-json\/wp\/v2\/comments?post=332"}],"version-history":[{"count":7,"href":"https:\/\/juliachodor.com\/pl\/wp-json\/wp\/v2\/pages\/332\/revisions"}],"predecessor-version":[{"id":760,"href":"https:\/\/juliachodor.com\/pl\/wp-json\/wp\/v2\/pages\/332\/revisions\/760"}],"up":[{"embeddable":true,"href":"https:\/\/juliachodor.com\/pl\/wp-json\/wp\/v2\/pages\/330"}],"wp:attachment":[{"href":"https:\/\/juliachodor.com\/pl\/wp-json\/wp\/v2\/media?parent=332"}],"curies":[{"name":"wp","href":"https:\/\/api.w.org\/{rel}","templated":true}]}}