{"id":330,"date":"2020-11-10T15:06:13","date_gmt":"2020-11-10T14:06:13","guid":{"rendered":"https:\/\/juliachodor.com\/ver\/?page_id=330"},"modified":"2026-03-27T16:21:14","modified_gmt":"2026-03-27T15:21:14","slug":"fotografia-slubna","status":"publish","type":"page","link":"https:\/\/juliachodor.com\/pl\/fotografia-slubna\/","title":{"rendered":"Fotografia \u015alubna"},"content":{"rendered":"\n<hr class=\"wp-block-separator alignwide has-text-color has-gray-color has-css-opacity has-gray-background-color has-background is-style-wide\"\/>\n\n\n\n<div class=\"wp-block-group alignwide is-layout-flow wp-block-group-is-layout-flow\">\n<p class=\"has-heading-font-family\">Fotografia \u015blubna to najwa\u017cniejsze momenty naszego \u017cycia zatrzymane w kadrach. Po latach, przegl\u0105daj\u0105c albumy, z \u0142ezk\u0105 w oku wspominamy te najistotniejsze chwile. Warto zadba\u0107 o to, by nasze najcudowniejsze wspomnienia zosta\u0142y utrwalone w niezapomniany spos\u00f3b w wysokiej jako\u015bci fotografiach.<\/p>\n<\/div>\n\n\n\n<div class=\"wp-block-group alignwide is-layout-flow wp-block-group-is-layout-flow\">\n<p class=\"has-heading-font-family\">Specjalizuj\u0119 si\u0119 w fotografowaniu ludzi. Skupiam si\u0119 na uchwyceniu zar\u00f3wno relacji mi\u0119dzy osobami jak i pokazaniu indywidualnych cech. Dbam o to, \u017ceby otoczenie stanowi\u0142o warto\u015b\u0107 dodan\u0105 i wsp\u00f3\u0142gra\u0142o oddaj\u0105c nastr\u00f3j chwili.<\/p>\n<\/div>\n\n\n\n<div class=\"wp-block-group alignwide is-layout-flow wp-block-group-is-layout-flow\">\n<p class=\"has-heading-font-family\">Pracowa\u0142am jako fotograf w r\u00f3\u017cnych cz\u0119\u015bciach \u015bwiata co pozwoli\u0142o mi zdoby\u0107 do\u015bwiadczenie w fotografowaniu ceremonii \u015blubnych w r\u00f3\u017cnych obrz\u0105dkach religijnych.<\/p>\n<\/div>\n\n\n\n<div class=\"wp-block-group alignwide is-layout-flow wp-block-group-is-layout-flow\">\n<p class=\"has-heading-font-family\">W celu obejrzenia galerii, prosz\u0119 klikn\u0105\u0107 w wybran\u0105 kategori\u0119\u00a0 lub przewin\u0105\u0107 w d\u00f3\u0142 i wybra\u0107 odpowiednie zdj\u0119cie.\u00a0<\/p>\n<\/div>\n\n\n\n<div class=\"wp-block-group alignwide is-layout-flow wp-block-group-is-layout-flow\">\n<ul class=\"wp-block-list\">\n<li class=\"has-heading-font-family\"><a href=\"http:\/\/juliachodor.com\/individual\/wedding-photography\/ceremonia-slubna\/\">Reporta\u017c z Ceremonii \u015alubnej<\/a><\/li>\n\n\n\n<li class=\"has-heading-font-family\"><a href=\"http:\/\/juliachodor.com\/individual\/wedding-photography\/wesele\/\">Reporta\u017c z Wesela<\/a><\/li>\n\n\n\n<li class=\"has-heading-font-family\"><a href=\"http:\/\/juliachodor.com\/individual\/wedding-photography\/portret-slubny\/\">Portret \u015alubny (lub narzecze\u0144skie) wykonywany w plenerze, studio lub w czasie \u015blubu<\/a><\/li>\n\n\n\n<li class=\"has-heading-font-family\"><a href=\"http:\/\/juliachodor.com\/individual\/wedding-photography\/przygotowania\/\">Reporta\u017c z przygotowa\u0144 do \u015blubu<\/a><\/li>\n<\/ul>\n<\/div>\n\n\n\n<hr class=\"wp-block-separator alignwide has-text-color has-gray-color has-css-opacity has-gray-background-color has-background is-style-wide\"\/>\n\n\n\n<p class=\"has-text-align-right has-small-font-size\"><a href=\"https:\/\/juliachodor.com\/pl\/\">\u21b5 Home<\/a><\/p>\n\n\n\n<hr class=\"wp-block-separator alignwide has-text-color has-gray-color has-css-opacity has-gray-background-color has-background is-style-wide\"\/>\n\n\n\n<hr class=\"wp-block-separator alignwide has-text-color has-gray-color has-css-opacity has-gray-background-color has-background is-style-wide\"\/>\n\n\n\n<p><strong>Bi\u017cuteria \u015alubnej oraz Sale Weselne<\/strong><\/p>\n\n\n\n<figure class=\"wp-block-image aligncenter size-large is-style-default\"><img decoding=\"async\" src=\"https:\/\/juliachodor.com\/pl\/wp-content\/uploads\/2020\/11\/160710_JBC_0077.jpg\" alt=\"reporta\u017c \u015blubny, fotoreporta\u017c \u015blubny, wesele, fot. Julia Chodor\"\/><figcaption class=\"wp-element-caption\">Fot. Julia Chodor<\/figcaption><\/figure>\n\n\n\n<div class=\"wp-block-buttons is-content-justification-center is-layout-flex wp-container-core-buttons-is-layout-a89b3969 wp-block-buttons-is-layout-flex\">\n<div class=\"wp-block-button\"><a class=\"wp-block-button__link wp-element-button\" href=\"https:\/\/juliachodor.com\/pl\/fotografia-slubna\/sale-i-bizuteria\/\">wi\u0119cej zdj\u0119\u0107&#8230;<\/a><\/div>\n<\/div>\n\n\n\n<hr class=\"wp-block-separator has-text-color has-gray-color has-css-opacity has-gray-background-color has-background is-style-wide\"\/>\n\n\n\n<p><strong>Portret \u015alubny<\/strong><\/p>\n\n\n\n<figure class=\"wp-block-image aligncenter size-large is-style-default\"><img decoding=\"async\" src=\"https:\/\/juliachodor.com\/pl\/wp-content\/uploads\/2020\/11\/01_PDH1569-2.jpg\" alt=\"portret \u015blubny, sesje \u015blubne, reporta\u017c \u015blubny, fot. Julia Chodor\"\/><figcaption class=\"wp-element-caption\">Fot. Julia Chodor<\/figcaption><\/figure>\n\n\n\n<div class=\"wp-block-buttons is-content-justification-center is-layout-flex wp-container-core-buttons-is-layout-a89b3969 wp-block-buttons-is-layout-flex\">\n<div class=\"wp-block-button\"><a class=\"wp-block-button__link wp-element-button\" href=\"https:\/\/juliachodor.com\/pl\/fotografia-slubna\/portret-slubny\/\">wi\u0119cej zdj\u0119\u0107&#8230;<\/a><\/div>\n<\/div>\n\n\n\n<hr class=\"wp-block-separator has-text-color has-gray-color has-css-opacity has-gray-background-color has-background is-style-wide\"\/>\n\n\n\n<p><strong>Przygotowania<\/strong><\/p>\n\n\n\n<figure class=\"wp-block-image aligncenter size-large is-style-default\"><img decoding=\"async\" src=\"https:\/\/juliachodor.com\/pl\/wp-content\/uploads\/2020\/11\/130727_JBS_0235.jpg\" alt=\"reporta\u017c \u015blubny, fotoreporta\u017c \u015blubny, przygotowania, fot. Julia Chodor\"\/><figcaption class=\"wp-element-caption\">Fot. Julia Chodor<\/figcaption><\/figure>\n\n\n\n<div class=\"wp-block-buttons is-content-justification-center is-layout-flex wp-container-core-buttons-is-layout-a89b3969 wp-block-buttons-is-layout-flex\">\n<div class=\"wp-block-button\"><a class=\"wp-block-button__link wp-element-button\" href=\"https:\/\/juliachodor.com\/pl\/fotografia-slubna\/przygotowania\/\">wi\u0119cej zdj\u0119\u0107&#8230;<\/a><\/div>\n<\/div>\n\n\n\n<hr class=\"wp-block-separator has-text-color has-gray-color has-css-opacity has-gray-background-color has-background is-style-wide\"\/>\n\n\n\n<p><strong>Ceremonia \u015alubna<\/strong><\/p>\n\n\n\n<figure class=\"wp-block-image aligncenter size-large is-style-default\"><img decoding=\"async\" src=\"https:\/\/juliachodor.com\/pl\/wp-content\/uploads\/2020\/11\/130727_JBS_0519a.jpg\" alt=\"reporta\u017c \u015blubny, fotoreporta\u017c \u015blubny, ceremonia \u015blubna, fot. Julia Chodor\"\/><figcaption class=\"wp-element-caption\">Fot. Julia Chodor<\/figcaption><\/figure>\n\n\n\n<div class=\"wp-block-buttons is-content-justification-center is-layout-flex wp-container-core-buttons-is-layout-a89b3969 wp-block-buttons-is-layout-flex\">\n<div class=\"wp-block-button\"><a class=\"wp-block-button__link wp-element-button\" href=\"https:\/\/juliachodor.com\/pl\/fotografia-slubna\/ceremonia-slubna\/\">wi\u0119cej zdj\u0119\u0107&#8230;<\/a><\/div>\n<\/div>\n\n\n\n<hr class=\"wp-block-separator has-text-color has-gray-color has-css-opacity has-gray-background-color has-background is-style-wide\"\/>\n\n\n\n<p><strong>Wesele<\/strong><\/p>\n\n\n\n<figure class=\"wp-block-image aligncenter size-large is-style-default\"><img decoding=\"async\" src=\"https:\/\/juliachodor.com\/pl\/wp-content\/uploads\/2020\/11\/090912_JBS_0567.jpg\" alt=\"reporta\u017c \u015blubny, fotoreporta\u017c \u015blubny, wesele, fot. Julia Chodor\"\/><figcaption class=\"wp-element-caption\">Fot. Julia Chodor<\/figcaption><\/figure>\n\n\n\n<div class=\"wp-block-buttons is-content-justification-center is-layout-flex wp-container-core-buttons-is-layout-a89b3969 wp-block-buttons-is-layout-flex\">\n<div class=\"wp-block-button\"><a class=\"wp-block-button__link wp-element-button\" href=\"https:\/\/juliachodor.com\/pl\/fotografia-slubna\/wesele\/\">wi\u0119cej zdj\u0119\u0107&#8230;<\/a><\/div>\n<\/div>\n\n\n\n<hr class=\"wp-block-separator alignwide has-text-color has-gray-color has-css-opacity has-gray-background-color has-background is-style-wide\"\/>\n\n\n\n<blockquote class=\"wp-block-quote is-style-default is-layout-flow wp-block-quote-is-layout-flow\">\n<p><a href=\"https:\/\/juliachodor.com\/pl\/fotografia-slubna\/cennik\/\">Cennik &#8211; Pakiety \u015alubne<\/a><\/p>\n<\/blockquote>\n\n\n\n<hr class=\"wp-block-separator alignwide has-alpha-channel-opacity is-style-wide\"\/>\n\n\n\n<p class=\"has-text-align-right has-small-font-size\"><a href=\"https:\/\/juliachodor.com\/pl\/\">\u21b5 Home<\/a><\/p>\n\n\n\n<p><\/p>\n","protected":false},"excerpt":{"rendered":"<p>Fotografia \u015blubna to najwa\u017cniejsze momenty naszego \u017cycia zatrzymane w kadrach. Po latach, przegl\u0105daj\u0105c albumy, z \u0142ezk\u0105 w oku wspominamy te najistotniejsze chwile. Warto zadba\u0107 o to, by nasze najcudowniejsze wspomnienia zosta\u0142y utrwalone w niezapomniany spos\u00f3b w wysokiej jako\u015bci fotografiach. Specjalizuj\u0119 si\u0119 w fotografowaniu ludzi. Skupiam si\u0119 na uchwyceniu zar\u00f3wno relacji mi\u0119dzy osobami jak i pokazaniu [&hellip;]<\/p>\n","protected":false},"author":1,"featured_media":0,"parent":0,"menu_order":0,"comment_status":"closed","ping_status":"closed","template":"","meta":{"ngg_post_thumbnail":0,"footnotes":"","_links_to":"","_links_to_target":""},"class_list":["post-330","page","type-page","status-publish","hentry"],"_links":{"self":[{"href":"https:\/\/juliachodor.com\/pl\/wp-json\/wp\/v2\/pages\/330","targetHints":{"allow":["GET"]}}],"collection":[{"href":"https:\/\/juliachodor.com\/pl\/wp-json\/wp\/v2\/pages"}],"about":[{"href":"https:\/\/juliachodor.com\/pl\/wp-json\/wp\/v2\/types\/page"}],"author":[{"embeddable":true,"href":"https:\/\/juliachodor.com\/pl\/wp-json\/wp\/v2\/users\/1"}],"replies":[{"embeddable":true,"href":"https:\/\/juliachodor.com\/pl\/wp-json\/wp\/v2\/comments?post=330"}],"version-history":[{"count":24,"href":"https:\/\/juliachodor.com\/pl\/wp-json\/wp\/v2\/pages\/330\/revisions"}],"predecessor-version":[{"id":4936,"href":"https:\/\/juliachodor.com\/pl\/wp-json\/wp\/v2\/pages\/330\/revisions\/4936"}],"wp:attachment":[{"href":"https:\/\/juliachodor.com\/pl\/wp-json\/wp\/v2\/media?parent=330"}],"curies":[{"name":"wp","href":"https:\/\/api.w.org\/{rel}","templated":true}]}}