{"id":326,"date":"2020-11-10T15:01:34","date_gmt":"2020-11-10T14:01:34","guid":{"rendered":"https:\/\/juliachodor.com\/ver\/?page_id=326"},"modified":"2026-03-26T11:24:14","modified_gmt":"2026-03-26T10:24:14","slug":"o-mnie","status":"publish","type":"page","link":"https:\/\/juliachodor.com\/pl\/o-mnie\/","title":{"rendered":"O mnie"},"content":{"rendered":"\n<hr class=\"wp-block-separator has-text-color has-gray-color has-css-opacity has-gray-background-color has-background is-style-wide\"\/>\n\n\n\n<p class=\"has-text-align-right has-small-font-size\"><a href=\"https:\/\/juliachodor.com\/pl\/\">\u21b5 Home<\/a><\/p>\n\n\n\n<div class=\"wp-block-group alignwide is-layout-flow wp-block-group-is-layout-flow\">\n<p class=\"has-heading-font-family has-medium-font-size\">Fotografia pasjonowa\u0142a mnie od najm\u0142odszych lat. Jej sposoby, techniki i tajniki poznawa\u0142am w rodzinnym domu. Podtrzymuj\u0105c rodzinn\u0105 tradycj\u0119, fotografi\u0105 zawodowo zaj\u0119\u0142am si\u0119 po studiach, w 2006 roku.<\/p>\n\n\n\n<p class=\"has-heading-font-family has-medium-font-size\">Od pocz\u0105tku fotografia jest dla mnie sposobem opowiadania o cz\u0142owieku, jego osobowo\u015bci i charakterze uwarunkowanych spo\u0142ecznie i kulturowo. Sposobem na uchwycenie tych emocji i chwil, kt\u00f3re najpe\u0142niej go przedstawiaj\u0105 i opisuj\u0105. Sposobem na wyeksponowanie jego indywidualnej niepowtarzalno\u015bci.<\/p>\n\n\n\n<p class=\"has-heading-font-family has-medium-font-size\">Budowa\u0142am sw\u00f3j warsztat artystyczny zajmuj\u0105c si\u0119 fotoreporta\u017cem i fotografi\u0105 newsow\u0105, pracuj\u0105c dla gazet i czasopism. Z czasem moje zainteresowania przesun\u0119\u0142y si\u0119 w stron\u0119 portretu. Lubi\u0119 \u0142\u0105czy\u0107 dwie formy &#8211; fotoreporta\u017c i portret \u2013 utrwalaj\u0105c ulotne momenty w spontanicznych, naturalnych kadrach. Ta technika pozwala na uchwycenie naturalnych emocji i sposobu bycia fotografowanej osoby.<\/p>\n\n\n\n<p class=\"has-heading-font-family has-medium-font-size\">Cz\u0119sto u\u017cywam \u015bwiat\u0142ocienia oraz koloru do podkre\u015blenia przekazu w moich zdj\u0119ciach. Wykorzystuj\u0119 zawsze emocjonaln\u0105 fotografi\u0119 monochromatyczn\u0105. Nieobce s\u0105 mi klimaty <em>classic noir <\/em>czy <em>neo noir<\/em> (t<em>ech-noir<\/em>).<\/p>\n\n\n\n<p class=\"has-heading-font-family has-medium-font-size\">Urodzi\u0142am si\u0119 w Warszawie w 1980 roku. Jestem absolwentk\u0105 Wydzia\u0142u Zarz\u0105dzania oraz Warsaw School of Management na Uniwersytecie Warszawskim. Studiowa\u0142am r\u00f3wnie\u017c w USA &#8211; w Central Piedmont University College i na University of North Florida. Mieszka\u0142am i pracowa\u0142a jako fotograf w USA, Kuwejcie i Hiszpanii.<\/p>\n\n\n\n<h3 class=\"wp-block-heading has-base-2-background-color has-background has-medium-font-size\"><strong>Wystawy:<\/strong><\/h3>\n\n\n\n<ul class=\"wp-block-list\">\n<li class=\"has-heading-font-family has-medium-font-size\">&#8220;S\u0105d ostateczny&#8221; &#8211; Galeria Obok &#8211; Polska &#8211; wystawa indywidualna<\/li>\n\n\n\n<li class=\"has-heading-font-family\">Galeria Bezdomna &#8211; wystawa zbiorowa<\/li>\n\n\n\n<li class=\"has-heading-font-family has-medium-font-size\">&#8220;Streets of Catalunya&#8221; &#8211; Sala Sant Roc &#8211; Hiszpania &#8211; wystawa indywidualna<\/li>\n\n\n\n<li class=\"has-heading-font-family has-medium-font-size\">&#8220;Warszawa w kwiatach i zieleni&#8221; &#8211; ogr\u00f3d Botaniczny w Warszawie &#8211; Polska &#8211; wystawa indywidualna<\/li>\n\n\n\n<li class=\"has-heading-font-family has-medium-font-size\">Galeria Wie\u017ca &#8211; 2023 &#8211; wystawa zbiorowa<\/li>\n\n\n\n<li class=\"has-heading-font-family has-medium-font-size\">Galeria Wie\u017ca &#8211; 2024 &#8211; wystawa zbiorowa<\/li>\n<\/ul>\n\n\n\n<div class=\"wp-block-group has-global-padding is-layout-constrained wp-block-group-is-layout-constrained\">\n<h3 class=\"wp-block-heading alignwide has-base-2-background-color has-background has-medium-font-size\"><strong>Albumy:<\/strong><\/h3>\n<\/div>\n\n\n\n<ul class=\"wp-block-list\">\n<li class=\"has-heading-font-family\">&#8220;Ochota&#8221; &#8211; Wydawnictwo Youmar<\/li>\n\n\n\n<li class=\"has-heading-font-family has-medium-font-size\">&#8220;Second Part of Love &#8211; wydawnictwo Almar<\/li>\n\n\n\n<li class=\"has-heading-font-family has-medium-font-size\">&#8220;Drugi Odcie\u0144 Mi\u0142o\u015bci&#8221; &#8211; wydawnictwo Almar<\/li>\n\n\n\n<li class=\"has-heading-font-family has-medium-font-size\">&#8220;Rain-Bow-City&#8221; &#8211; publikacja Amazon<\/li>\n<\/ul>\n<\/div>\n\n\n\n<hr class=\"wp-block-separator has-text-color has-gray-color has-css-opacity has-gray-background-color has-background is-style-wide\"\/>\n\n\n\n<p class=\"has-text-align-right has-small-font-size\"><a href=\"https:\/\/juliachodor.com\/pl\/\">\u21b5 Home<\/a><\/p>\n\n\n\n<p><\/p>\n","protected":false},"excerpt":{"rendered":"<p>\u21b5 Home Fotografia pasjonowa\u0142a mnie od najm\u0142odszych lat. Jej sposoby, techniki i tajniki poznawa\u0142am w rodzinnym domu. Podtrzymuj\u0105c rodzinn\u0105 tradycj\u0119, fotografi\u0105 zawodowo zaj\u0119\u0142am si\u0119 po studiach, w 2006 roku. Od pocz\u0105tku fotografia jest dla mnie sposobem opowiadania o cz\u0142owieku, jego osobowo\u015bci i charakterze uwarunkowanych spo\u0142ecznie i kulturowo. Sposobem na uchwycenie tych emocji i chwil, kt\u00f3re [&hellip;]<\/p>\n","protected":false},"author":1,"featured_media":0,"parent":0,"menu_order":0,"comment_status":"closed","ping_status":"closed","template":"","meta":{"ngg_post_thumbnail":0,"footnotes":"","_links_to":"","_links_to_target":""},"class_list":["post-326","page","type-page","status-publish","hentry"],"_links":{"self":[{"href":"https:\/\/juliachodor.com\/pl\/wp-json\/wp\/v2\/pages\/326","targetHints":{"allow":["GET"]}}],"collection":[{"href":"https:\/\/juliachodor.com\/pl\/wp-json\/wp\/v2\/pages"}],"about":[{"href":"https:\/\/juliachodor.com\/pl\/wp-json\/wp\/v2\/types\/page"}],"author":[{"embeddable":true,"href":"https:\/\/juliachodor.com\/pl\/wp-json\/wp\/v2\/users\/1"}],"replies":[{"embeddable":true,"href":"https:\/\/juliachodor.com\/pl\/wp-json\/wp\/v2\/comments?post=326"}],"version-history":[{"count":8,"href":"https:\/\/juliachodor.com\/pl\/wp-json\/wp\/v2\/pages\/326\/revisions"}],"predecessor-version":[{"id":4793,"href":"https:\/\/juliachodor.com\/pl\/wp-json\/wp\/v2\/pages\/326\/revisions\/4793"}],"wp:attachment":[{"href":"https:\/\/juliachodor.com\/pl\/wp-json\/wp\/v2\/media?parent=326"}],"curies":[{"name":"wp","href":"https:\/\/api.w.org\/{rel}","templated":true}]}}