{"id":322,"date":"2020-11-10T14:58:42","date_gmt":"2020-11-10T13:58:42","guid":{"rendered":"https:\/\/juliachodor.com\/ver\/?page_id=322"},"modified":"2026-03-26T12:49:56","modified_gmt":"2026-03-26T11:49:56","slug":"fotografia-wnetrz","status":"publish","type":"page","link":"https:\/\/juliachodor.com\/pl\/fotografia-biznesowa\/fotografia-wnetrz\/","title":{"rendered":"Fotografia Wn\u0119trz"},"content":{"rendered":"\n<hr class=\"wp-block-separator alignwide has-text-color has-gray-color has-css-opacity has-gray-background-color has-background is-style-wide\"\/>\n\n\n\n<p class=\"has-text-align-right has-small-font-size\"><a href=\"https:\/\/juliachodor.com\/pl\/fotografia-biznesowa\/\">\u21b5 Powr\u00f3t<\/a><\/p>\n\n\n\n<div class=\"wp-block-group alignwide is-layout-flow wp-block-group-is-layout-flow\">\n<p class=\"has-heading-font-family\"><strong>Pierwsze wra\u017cenie<\/strong> w internecie trwa zaledwie kilka sekund. W bran\u017cy <strong>nieruchomo\u015bci<\/strong> to w\u0142a\u015bnie\u00a0<strong>profesjonalne zdj\u0119cia<\/strong>\u00a0decyduj\u0105 o tym, czy klient wybierze Tw\u00f3j apartament na Booking lub Airbnb lub kliknie w Twoj\u0105 ofert\u0119 sprzeda\u017cy.<\/p>\n\n\n\n<p class=\"has-heading-font-family\">W <strong>wynajmie kr\u00f3tkoterminowym<\/strong> zdj\u0119cia s\u0105 Twoim najwa\u017cniejszym narz\u0119dziem marketingowym. Go\u015bcie \u201ekupuj\u0105 oczami\u201d \u2013 estetyczne kadry bezpo\u015brednio przek\u0142adaj\u0105 si\u0119 na\u00a0<strong>wi\u0119ksze ob\u0142o\u017cenie i liczb\u0119 rezerwacji<\/strong>. Fotografie oddaj\u0105ce klimat i detale buduj\u0105 poczucie luksusu, co pozwala na\u00a0<strong>wy\u017csze stawki za dob\u0119<\/strong>.<\/p>\n\n\n\n<p class=\"has-heading-font-family\">Przy <strong>sprzeda\u017cy<\/strong> nieruchomo\u015bci sesja skraca czas ekspozycji oferty. Dzi\u0119ki opanowaniu \u015bwiat\u0142a i szerokich k\u0105t\u00f3w, fotograf pokazuje\u00a0<strong>potencja\u0142 i przestrze\u0144<\/strong>, kt\u00f3rych nie uchwyci amatorski sprz\u0119t. Wysoka jako\u015b\u0107 wizualna przyci\u0105ga zdecydowanych kupc\u00f3w i stawia Ci\u0119 w silniejszej pozycji negocjacyjnej.<\/p>\n\n\n\n<p class=\"has-heading-font-family\">Dlaczego warto zatrudni\u0107 fachowca? Profesjonalny fotograf to nie tylko sprz\u0119t, ale przede wszystkim wiedza o\u00a0<strong>kompozycji i optyce<\/strong>. Potrafi on wydoby\u0107 atuty wn\u0119trza, sprawiaj\u0105c, \u017ce wydaje si\u0119 ono wi\u0119ksze i ja\u015bniejsze, zachowuj\u0105c przy tym pe\u0142en realizm tak istotny w dobie AI. Taka inwestycja zwraca si\u0119 b\u0142yskawicznie, chroni\u0105c Ci\u0119 przed stratami z tytu\u0142u pustostanu lub zani\u017conej ceny transakcyjnej.<br><br>Moje umiej\u0119tno\u015bci \u0142\u0105cz\u0105 wiedz\u0119 z zakresu fotografii i do\u015bwiadczeniem w wynajmie nieruchomo\u015bci, poniewa\u017c jest to moja druga dzia\u0142alno\u015b\u0107, kt\u00f3ra prowadz\u0119 od ponad 20 lat. Wiem jakie zdj\u0119cia zrobi\u0107 by szybko przyci\u0105gn\u0105\u0107 Klienta<\/p>\n<\/div>\n\n\n\n<div class=\"wp-block-group alignwide is-layout-flow wp-block-group-is-layout-flow\">\n<hr class=\"wp-block-separator aligncenter has-alpha-channel-opacity is-style-wide\"\/>\n\n\n\n<hr class=\"wp-block-separator aligncenter has-alpha-channel-opacity is-style-wide\"\/>\n<\/div>\n\n\n\n<figure class=\"wp-block-image size-large\"><img loading=\"lazy\" decoding=\"async\" width=\"1000\" height=\"667\" src=\"https:\/\/juliachodor.com\/pl\/wp-content\/uploads\/221127_JBC_3148.jpg\" alt=\"\" class=\"wp-image-4814\" srcset=\"https:\/\/juliachodor.com\/pl\/wp-content\/uploads\/221127_JBC_3148.jpg 1000w, https:\/\/juliachodor.com\/pl\/wp-content\/uploads\/221127_JBC_3148-300x200.jpg 300w, https:\/\/juliachodor.com\/pl\/wp-content\/uploads\/221127_JBC_3148-768x512.jpg 768w\" sizes=\"auto, (max-width: 1000px) 100vw, 1000px\" \/><\/figure>\n\n\n\n<hr class=\"wp-block-separator has-alpha-channel-opacity is-style-wide\"\/>\n\n\n\n<figure class=\"wp-block-image size-large\"><img loading=\"lazy\" decoding=\"async\" width=\"1000\" height=\"667\" src=\"https:\/\/juliachodor.com\/pl\/wp-content\/uploads\/221127_JBC_3216.jpg\" alt=\"\" class=\"wp-image-4815\" srcset=\"https:\/\/juliachodor.com\/pl\/wp-content\/uploads\/221127_JBC_3216.jpg 1000w, https:\/\/juliachodor.com\/pl\/wp-content\/uploads\/221127_JBC_3216-300x200.jpg 300w, https:\/\/juliachodor.com\/pl\/wp-content\/uploads\/221127_JBC_3216-768x512.jpg 768w\" sizes=\"auto, (max-width: 1000px) 100vw, 1000px\" \/><\/figure>\n\n\n\n<hr class=\"wp-block-separator has-alpha-channel-opacity is-style-wide\"\/>\n\n\n\n<figure class=\"wp-block-image size-large\"><img loading=\"lazy\" decoding=\"async\" width=\"1000\" height=\"667\" src=\"https:\/\/juliachodor.com\/pl\/wp-content\/uploads\/221127_JBC_3224.jpg\" alt=\"\" class=\"wp-image-4816\" srcset=\"https:\/\/juliachodor.com\/pl\/wp-content\/uploads\/221127_JBC_3224.jpg 1000w, https:\/\/juliachodor.com\/pl\/wp-content\/uploads\/221127_JBC_3224-300x200.jpg 300w, https:\/\/juliachodor.com\/pl\/wp-content\/uploads\/221127_JBC_3224-768x512.jpg 768w\" sizes=\"auto, (max-width: 1000px) 100vw, 1000px\" \/><\/figure>\n\n\n\n<hr class=\"wp-block-separator has-alpha-channel-opacity is-style-wide\"\/>\n\n\n\n<figure class=\"wp-block-image size-large\"><img loading=\"lazy\" decoding=\"async\" width=\"1000\" height=\"667\" src=\"https:\/\/juliachodor.com\/pl\/wp-content\/uploads\/221127_JBC_3219.jpg\" alt=\"\" class=\"wp-image-4813\" srcset=\"https:\/\/juliachodor.com\/pl\/wp-content\/uploads\/221127_JBC_3219.jpg 1000w, https:\/\/juliachodor.com\/pl\/wp-content\/uploads\/221127_JBC_3219-300x200.jpg 300w, https:\/\/juliachodor.com\/pl\/wp-content\/uploads\/221127_JBC_3219-768x512.jpg 768w\" sizes=\"auto, (max-width: 1000px) 100vw, 1000px\" \/><\/figure>\n\n\n\n<hr class=\"wp-block-separator has-alpha-channel-opacity is-style-wide\"\/>\n\n\n\n<figure class=\"wp-block-image aligncenter size-large is-style-default\"><img loading=\"lazy\" decoding=\"async\" width=\"800\" height=\"525\" src=\"https:\/\/juliachodor.com\/pl\/wp-content\/uploads\/2020\/11\/090918_JBS_153a.jpg\" alt=\"Fotografia wn\u0119trz, fotografia nieruchomo\u015bci - fot. Julia Chodor\" class=\"wp-image-276\" srcset=\"https:\/\/juliachodor.com\/pl\/wp-content\/uploads\/2020\/11\/090918_JBS_153a.jpg 800w, https:\/\/juliachodor.com\/pl\/wp-content\/uploads\/2020\/11\/090918_JBS_153a-300x197.jpg 300w, https:\/\/juliachodor.com\/pl\/wp-content\/uploads\/2020\/11\/090918_JBS_153a-768x504.jpg 768w\" sizes=\"auto, (max-width: 800px) 100vw, 800px\" \/><figcaption class=\"wp-element-caption\">Fot. Julia Chodor<\/figcaption><\/figure>\n\n\n\n<hr class=\"wp-block-separator has-css-opacity is-style-wide\"\/>\n\n\n\n<figure class=\"wp-block-image aligncenter size-large is-style-default\"><img loading=\"lazy\" decoding=\"async\" width=\"800\" height=\"533\" src=\"https:\/\/juliachodor.com\/pl\/wp-content\/uploads\/2020\/11\/090918_JBS_225.jpg\" alt=\"Fotografia wn\u0119trz, fotografia nieruchomo\u015bci - fot. Julia Chodor\" class=\"wp-image-281\" srcset=\"https:\/\/juliachodor.com\/pl\/wp-content\/uploads\/2020\/11\/090918_JBS_225.jpg 800w, https:\/\/juliachodor.com\/pl\/wp-content\/uploads\/2020\/11\/090918_JBS_225-300x200.jpg 300w, https:\/\/juliachodor.com\/pl\/wp-content\/uploads\/2020\/11\/090918_JBS_225-768x512.jpg 768w\" sizes=\"auto, (max-width: 800px) 100vw, 800px\" \/><figcaption class=\"wp-element-caption\">Fot. Julia Chodor<\/figcaption><\/figure>\n\n\n\n<hr class=\"wp-block-separator has-css-opacity is-style-wide\"\/>\n\n\n\n<figure class=\"wp-block-image aligncenter size-large is-style-default\"><img loading=\"lazy\" decoding=\"async\" width=\"536\" height=\"800\" src=\"https:\/\/juliachodor.com\/pl\/wp-content\/uploads\/2020\/11\/090918_JBS_157a.jpg\" alt=\"Fotografia wn\u0119trz, fotografia nieruchomo\u015bci - fot. Julia Chodor\" class=\"wp-image-277\" srcset=\"https:\/\/juliachodor.com\/pl\/wp-content\/uploads\/2020\/11\/090918_JBS_157a.jpg 536w, https:\/\/juliachodor.com\/pl\/wp-content\/uploads\/2020\/11\/090918_JBS_157a-201x300.jpg 201w\" sizes=\"auto, (max-width: 536px) 100vw, 536px\" \/><figcaption class=\"wp-element-caption\">Fot. Julia Chodor<\/figcaption><\/figure>\n\n\n\n<hr class=\"wp-block-separator has-css-opacity is-style-wide\"\/>\n\n\n\n<figure class=\"wp-block-image aligncenter size-large is-style-default\"><img loading=\"lazy\" decoding=\"async\" width=\"800\" height=\"550\" src=\"https:\/\/juliachodor.com\/pl\/wp-content\/uploads\/2020\/11\/090918_JBS_092a.jpg\" alt=\"Fotografia wn\u0119trz, fotografia nieruchomo\u015bci - fot. Julia Chodor\" class=\"wp-image-274\" srcset=\"https:\/\/juliachodor.com\/pl\/wp-content\/uploads\/2020\/11\/090918_JBS_092a.jpg 800w, https:\/\/juliachodor.com\/pl\/wp-content\/uploads\/2020\/11\/090918_JBS_092a-300x206.jpg 300w, https:\/\/juliachodor.com\/pl\/wp-content\/uploads\/2020\/11\/090918_JBS_092a-768x528.jpg 768w\" sizes=\"auto, (max-width: 800px) 100vw, 800px\" \/><figcaption class=\"wp-element-caption\">Fot. Julia Chodor<\/figcaption><\/figure>\n\n\n\n<hr class=\"wp-block-separator has-css-opacity is-style-wide\"\/>\n\n\n\n<figure class=\"wp-block-image aligncenter size-large is-style-default\"><img loading=\"lazy\" decoding=\"async\" width=\"800\" height=\"533\" src=\"https:\/\/juliachodor.com\/pl\/wp-content\/uploads\/2020\/11\/100816_JBS_099_1.jpg\" alt=\"Fotografia wn\u0119trz, fotografia nieruchomo\u015bci - fot. Julia Chodor\" class=\"wp-image-282\" srcset=\"https:\/\/juliachodor.com\/pl\/wp-content\/uploads\/2020\/11\/100816_JBS_099_1.jpg 800w, https:\/\/juliachodor.com\/pl\/wp-content\/uploads\/2020\/11\/100816_JBS_099_1-300x200.jpg 300w, https:\/\/juliachodor.com\/pl\/wp-content\/uploads\/2020\/11\/100816_JBS_099_1-768x512.jpg 768w\" sizes=\"auto, (max-width: 800px) 100vw, 800px\" \/><figcaption class=\"wp-element-caption\">Fot. Julia Chodor<\/figcaption><\/figure>\n\n\n\n<hr class=\"wp-block-separator has-css-opacity is-style-wide\"\/>\n\n\n\n<figure class=\"wp-block-image aligncenter size-large is-style-default\"><img loading=\"lazy\" decoding=\"async\" width=\"800\" height=\"533\" src=\"https:\/\/juliachodor.com\/pl\/wp-content\/uploads\/2020\/11\/100816_JBS_195.jpg\" alt=\"Fotografia wn\u0119trz, fotografia nieruchomo\u015bci - fot. Julia Chodor\" class=\"wp-image-285\" srcset=\"https:\/\/juliachodor.com\/pl\/wp-content\/uploads\/2020\/11\/100816_JBS_195.jpg 800w, https:\/\/juliachodor.com\/pl\/wp-content\/uploads\/2020\/11\/100816_JBS_195-300x200.jpg 300w, https:\/\/juliachodor.com\/pl\/wp-content\/uploads\/2020\/11\/100816_JBS_195-768x512.jpg 768w\" sizes=\"auto, (max-width: 800px) 100vw, 800px\" \/><figcaption class=\"wp-element-caption\">Fot. Julia Chodor<\/figcaption><\/figure>\n\n\n\n<hr class=\"wp-block-separator has-css-opacity is-style-wide\"\/>\n\n\n\n<figure class=\"wp-block-image aligncenter size-large is-style-default\"><img loading=\"lazy\" decoding=\"async\" width=\"800\" height=\"534\" src=\"https:\/\/juliachodor.com\/pl\/wp-content\/uploads\/2020\/11\/080722_JBC_7973.jpg\" alt=\"Fotografia wn\u0119trz, fotografia nieruchomo\u015bci - fot. Julia Chodor\" class=\"wp-image-272\" srcset=\"https:\/\/juliachodor.com\/pl\/wp-content\/uploads\/2020\/11\/080722_JBC_7973.jpg 800w, https:\/\/juliachodor.com\/pl\/wp-content\/uploads\/2020\/11\/080722_JBC_7973-300x200.jpg 300w, https:\/\/juliachodor.com\/pl\/wp-content\/uploads\/2020\/11\/080722_JBC_7973-768x513.jpg 768w\" sizes=\"auto, (max-width: 800px) 100vw, 800px\" \/><figcaption class=\"wp-element-caption\">Fot. Julia Chodor<\/figcaption><\/figure>\n\n\n\n<hr class=\"wp-block-separator has-css-opacity is-style-wide\"\/>\n\n\n\n<figure class=\"wp-block-image aligncenter size-large is-style-default\"><img loading=\"lazy\" decoding=\"async\" width=\"800\" height=\"539\" src=\"https:\/\/juliachodor.com\/pl\/wp-content\/uploads\/2020\/11\/090918_JBS_129a.jpg\" alt=\"Fotografia wn\u0119trz, fotografia nieruchomo\u015bci - fot. Julia Chodor\" class=\"wp-image-275\" srcset=\"https:\/\/juliachodor.com\/pl\/wp-content\/uploads\/2020\/11\/090918_JBS_129a.jpg 800w, https:\/\/juliachodor.com\/pl\/wp-content\/uploads\/2020\/11\/090918_JBS_129a-300x202.jpg 300w, https:\/\/juliachodor.com\/pl\/wp-content\/uploads\/2020\/11\/090918_JBS_129a-768x517.jpg 768w\" sizes=\"auto, (max-width: 800px) 100vw, 800px\" \/><figcaption class=\"wp-element-caption\">Fot. Julia Chodor<\/figcaption><\/figure>\n\n\n\n<hr class=\"wp-block-separator has-css-opacity is-style-wide\"\/>\n\n\n\n<figure class=\"wp-block-image aligncenter size-large is-style-default\"><img loading=\"lazy\" decoding=\"async\" width=\"498\" height=\"800\" src=\"https:\/\/juliachodor.com\/pl\/wp-content\/uploads\/2020\/11\/080711_JBC_5992.jpg\" alt=\"Fotografia wn\u0119trz, fotografia nieruchomo\u015bci - fot. Julia Chodor\" class=\"wp-image-286\" srcset=\"https:\/\/juliachodor.com\/pl\/wp-content\/uploads\/2020\/11\/080711_JBC_5992.jpg 498w, https:\/\/juliachodor.com\/pl\/wp-content\/uploads\/2020\/11\/080711_JBC_5992-187x300.jpg 187w\" sizes=\"auto, (max-width: 498px) 100vw, 498px\" \/><figcaption class=\"wp-element-caption\">Fot. Julia Chodor<\/figcaption><\/figure>\n\n\n\n<hr class=\"wp-block-separator has-text-color has-gray-color has-css-opacity has-gray-background-color has-background is-style-wide\"\/>\n\n\n\n<p class=\"has-text-align-right has-small-font-size\"><a href=\"https:\/\/juliachodor.com\/pl\/fotografia-biznesowa\/\">\u21b5 Powr\u00f3t<\/a><\/p>\n","protected":false},"excerpt":{"rendered":"<p>\u21b5 Powr\u00f3t Pierwsze wra\u017cenie w internecie trwa zaledwie kilka sekund. W bran\u017cy nieruchomo\u015bci to w\u0142a\u015bnie\u00a0profesjonalne zdj\u0119cia\u00a0decyduj\u0105 o tym, czy klient wybierze Tw\u00f3j apartament na Booking lub Airbnb lub kliknie w Twoj\u0105 ofert\u0119 sprzeda\u017cy. W wynajmie kr\u00f3tkoterminowym zdj\u0119cia s\u0105 Twoim najwa\u017cniejszym narz\u0119dziem marketingowym. Go\u015bcie \u201ekupuj\u0105 oczami\u201d \u2013 estetyczne kadry bezpo\u015brednio przek\u0142adaj\u0105 si\u0119 na\u00a0wi\u0119ksze ob\u0142o\u017cenie i liczb\u0119 [&hellip;]<\/p>\n","protected":false},"author":1,"featured_media":0,"parent":310,"menu_order":0,"comment_status":"closed","ping_status":"closed","template":"","meta":{"ngg_post_thumbnail":0,"footnotes":"","_links_to":"","_links_to_target":""},"class_list":["post-322","page","type-page","status-publish","hentry"],"_links":{"self":[{"href":"https:\/\/juliachodor.com\/pl\/wp-json\/wp\/v2\/pages\/322","targetHints":{"allow":["GET"]}}],"collection":[{"href":"https:\/\/juliachodor.com\/pl\/wp-json\/wp\/v2\/pages"}],"about":[{"href":"https:\/\/juliachodor.com\/pl\/wp-json\/wp\/v2\/types\/page"}],"author":[{"embeddable":true,"href":"https:\/\/juliachodor.com\/pl\/wp-json\/wp\/v2\/users\/1"}],"replies":[{"embeddable":true,"href":"https:\/\/juliachodor.com\/pl\/wp-json\/wp\/v2\/comments?post=322"}],"version-history":[{"count":14,"href":"https:\/\/juliachodor.com\/pl\/wp-json\/wp\/v2\/pages\/322\/revisions"}],"predecessor-version":[{"id":4817,"href":"https:\/\/juliachodor.com\/pl\/wp-json\/wp\/v2\/pages\/322\/revisions\/4817"}],"up":[{"embeddable":true,"href":"https:\/\/juliachodor.com\/pl\/wp-json\/wp\/v2\/pages\/310"}],"wp:attachment":[{"href":"https:\/\/juliachodor.com\/pl\/wp-json\/wp\/v2\/media?parent=322"}],"curies":[{"name":"wp","href":"https:\/\/api.w.org\/{rel}","templated":true}]}}