{"id":310,"date":"2020-11-10T14:13:09","date_gmt":"2020-11-10T13:13:09","guid":{"rendered":"https:\/\/juliachodor.com\/ver\/?page_id=310"},"modified":"2026-03-26T11:40:47","modified_gmt":"2026-03-26T10:40:47","slug":"fotografia-biznesowa","status":"publish","type":"page","link":"https:\/\/juliachodor.com\/pl\/fotografia-biznesowa\/","title":{"rendered":"Fotografia Biznesowa"},"content":{"rendered":"\n<hr class=\"wp-block-separator has-text-color has-gray-color has-css-opacity has-gray-background-color has-background is-style-wide\"\/>\n\n\n\n<p class=\"has-text-align-right has-small-font-size\"><\/p>\n\n\n\n<blockquote class=\"wp-block-quote is-style-default is-layout-flow wp-block-quote-is-layout-flow\">\n<p>Wysokiej jako\u015bci zdj\u0119cia Twojej firmy s\u0105 sygna\u0142em dla Twoich Klient\u00f3w, \u017ce oferujesz produkty \/ us\u0142ugi wysokiej jako\u015bci. <\/p>\n<\/blockquote>\n\n\n\n<p class=\"has-text-align-right has-small-font-size\"><\/p>\n\n\n\n<p class=\"has-text-align-right has-small-font-size\"><a href=\"https:\/\/juliachodor.com\/pl\/\">\u21b5 Home<\/a><\/p>\n\n\n\n<hr class=\"wp-block-separator has-text-color has-gray-color has-css-opacity has-gray-background-color has-background is-style-wide\"\/>\n\n\n\n<hr class=\"wp-block-separator has-text-color has-gray-color has-css-opacity has-gray-background-color has-background is-style-wide\"\/>\n\n\n\n<div class=\"wp-block-media-text alignwide has-media-on-the-right is-stacked-on-mobile\" style=\"grid-template-columns:auto 45%\"><div class=\"wp-block-media-text__content\">\n<h2 class=\"wp-block-heading has-heading-font-family\"><a href=\"https:\/\/juliachodor.com\/pl\/fotografia-biznesowa\/portret-biznesowy\/\">Portret Biznesowy<\/a><\/h2>\n\n\n\n<blockquote class=\"wp-block-quote is-style-default is-layout-flow wp-block-quote-is-layout-flow\">\n<p>Dobry portret biznesowy tworzy mark\u0119.<\/p>\n<\/blockquote>\n\n\n\n<p class=\"has-heading-font-family\">Dobry portret biznesowy pokazuje kompetencje i charakter osoby na zdj\u0119ciu. Zdj\u0119cie biznesowe jest wykorzystywane w wielu ro\u017cnych miejscach takich jak publikacje czy media spo\u0142eczno\u015bciowe. Ka\u017cdy powinien mie\u0107 w\u0142asny portret biznesowy, niezale\u017cnie od tego, czy jest prezesem, dyrektorem, pracownikiem, czy tylko przygotowuje pierwsze CV.<\/p>\n\n\n\n<div class=\"wp-block-buttons is-content-justification-center is-layout-flex wp-container-core-buttons-is-layout-a89b3969 wp-block-buttons-is-layout-flex\">\n<div class=\"wp-block-button\"><a class=\"wp-block-button__link wp-element-button\" href=\"https:\/\/juliachodor.com\/pl\/fotografia-biznesowa\/portret-biznesowy\/\">portfolio<\/a><\/div>\n<\/div>\n<\/div><figure class=\"wp-block-media-text__media\"><a href=\"https:\/\/juliachodor.com\/pl\/fotografia-biznesowa\/portret-biznesowy\/\"><img loading=\"lazy\" decoding=\"async\" width=\"800\" height=\"533\" src=\"https:\/\/juliachodor.com\/pl\/wp-content\/uploads\/2020\/11\/111010_JBS_654.jpg\" alt=\"portret biznesowy, fotografia biznesowa - Fot. Julia Chodor\" class=\"wp-image-265 size-full\" srcset=\"https:\/\/juliachodor.com\/pl\/wp-content\/uploads\/2020\/11\/111010_JBS_654.jpg 800w, https:\/\/juliachodor.com\/pl\/wp-content\/uploads\/2020\/11\/111010_JBS_654-300x200.jpg 300w, https:\/\/juliachodor.com\/pl\/wp-content\/uploads\/2020\/11\/111010_JBS_654-768x512.jpg 768w\" sizes=\"auto, (max-width: 800px) 100vw, 800px\" \/><\/a><\/figure><\/div>\n\n\n\n<hr class=\"wp-block-separator has-text-color has-gray-color has-css-opacity has-gray-background-color has-background is-style-wide\"\/>\n\n\n\n<h2 class=\"wp-block-heading has-text-align-right\"><a href=\"https:\/\/juliachodor.com\/pl\/fotografia-biznesowa\/fotografia-industrialna\/\">Fotografia Przemys\u0142owa<\/a><\/h2>\n\n\n\n<div class=\"wp-block-media-text alignwide is-stacked-on-mobile\" style=\"grid-template-columns:45% auto\"><figure class=\"wp-block-media-text__media\"><a href=\"https:\/\/juliachodor.com\/pl\/fotografia-biznesowa\/fotografia-industrialna\/\"><img loading=\"lazy\" decoding=\"async\" width=\"800\" height=\"533\" src=\"https:\/\/juliachodor.com\/pl\/wp-content\/uploads\/2020\/11\/02_110506_JBS_238.jpg\" alt=\"Fotografia przemys\u0142owa, fotografia industralna, zdj\u0119cia linii produkcyjnych - Fot. Julia Chodor\" class=\"wp-image-239 size-full\" srcset=\"https:\/\/juliachodor.com\/pl\/wp-content\/uploads\/2020\/11\/02_110506_JBS_238.jpg 800w, https:\/\/juliachodor.com\/pl\/wp-content\/uploads\/2020\/11\/02_110506_JBS_238-300x200.jpg 300w, https:\/\/juliachodor.com\/pl\/wp-content\/uploads\/2020\/11\/02_110506_JBS_238-768x512.jpg 768w\" sizes=\"auto, (max-width: 800px) 100vw, 800px\" \/><\/a><\/figure><div class=\"wp-block-media-text__content\">\n<p class=\"has-heading-font-family\">Fotografuj\u0119 zar\u00f3wno ma\u0142e warsztaty, jak i du\u017ce zak\u0142ady produkcyjne. Dokumentuj\u0119 linie produkcyjne i procesy. Przedstawiam stron\u0119 techniczn\u0105, zachowuj\u0105c jednocze\u015bnie atrakcyjno\u015b\u0107 wizualn\u0105. Zdj\u0119cia, ze wzgl\u0119du na swoja wysok\u0105 jako\u015b\u0107, wykorzystywane s\u0105 w prezentacjach, katalogach, targach itp. Posiadam odpowiednie o\u015bwietlenie, kt\u00f3re pozwala mi pracowa\u0107 w ka\u017cdych warunkach.<\/p>\n\n\n\n<div class=\"wp-block-buttons is-content-justification-center is-layout-flex wp-container-core-buttons-is-layout-a89b3969 wp-block-buttons-is-layout-flex\">\n<div class=\"wp-block-button\"><a class=\"wp-block-button__link wp-element-button\" href=\"https:\/\/juliachodor.com\/pl\/fotografia-biznesowa\/fotografia-industrialna\/\">portfolio<\/a><\/div>\n<\/div>\n<\/div><\/div>\n\n\n\n<hr class=\"wp-block-separator has-text-color has-gray-color has-css-opacity has-gray-background-color has-background is-style-wide\"\/>\n\n\n\n<div class=\"wp-block-media-text alignwide has-media-on-the-right is-stacked-on-mobile\" style=\"grid-template-columns:auto 43%\"><div class=\"wp-block-media-text__content\">\n<h2 class=\"wp-block-heading\"><strong><a href=\"https:\/\/juliachodor.com\/pl\/fotografia-biznesowa\/fotografia-wnetrz\/\">Fotografia Wn\u0119trz<\/a><\/strong><\/h2>\n\n\n\n<blockquote class=\"wp-block-quote has-text-align-left is-style-large is-layout-flow wp-block-quote-is-layout-flow\">\n<p>Dobre zdj\u0119cia pomagaj\u0105 szybciej wynaj\u0105\u0107 lub sprzeda\u0107 nieruchomo\u015b\u0107.<\/p>\n<\/blockquote>\n\n\n\n<p class=\"has-heading-font-family\"> Upewniam si\u0119, \u017ce zdj\u0119cia Twojej nieruchomo\u015bci s\u0105:<\/p>\n\n\n\n<ul class=\"wp-block-list\">\n<li class=\"has-heading-font-family\">atrakcyjne<\/li>\n\n\n\n<li class=\"has-heading-font-family\">dobrze skadrowane<\/li>\n\n\n\n<li class=\"has-heading-font-family\">kolorowe<\/li>\n\n\n\n<li class=\"has-heading-font-family\">czyste<\/li>\n\n\n\n<li class=\"has-heading-font-family\">ostre<\/li>\n\n\n\n<li class=\"has-heading-font-family\">\u0142adnie na\u015bwietlone<\/li>\n<\/ul>\n\n\n\n<p class=\"has-heading-font-family\">Warto zainwestowa\u0107 pieni\u0105dze, aby mie\u0107 dobrze wynaj\u0105\u0107 lub sprzeda\u0107 nieruchomo\u015b\u0107.<\/p>\n\n\n\n<div class=\"wp-block-buttons is-content-justification-center is-layout-flex wp-container-core-buttons-is-layout-a89b3969 wp-block-buttons-is-layout-flex\">\n<div class=\"wp-block-button\"><a class=\"wp-block-button__link wp-element-button\" href=\"https:\/\/juliachodor.com\/pl\/fotografia-biznesowa\/fotografia-wnetrz\/\">portfolio<\/a><\/div>\n<\/div>\n<\/div><figure class=\"wp-block-media-text__media\"><a href=\"https:\/\/juliachodor.com\/pl\/fotografia-biznesowa\/fotografia-wnetrz\/\"><img loading=\"lazy\" decoding=\"async\" width=\"800\" height=\"525\" src=\"https:\/\/juliachodor.com\/pl\/wp-content\/uploads\/2020\/11\/090918_JBS_153a.jpg\" alt=\"Fotografia wn\u0119trz, fotografia nieruchomo\u015bci - fot. Julia Chodor\" class=\"wp-image-276 size-full\" srcset=\"https:\/\/juliachodor.com\/pl\/wp-content\/uploads\/2020\/11\/090918_JBS_153a.jpg 800w, https:\/\/juliachodor.com\/pl\/wp-content\/uploads\/2020\/11\/090918_JBS_153a-300x197.jpg 300w, https:\/\/juliachodor.com\/pl\/wp-content\/uploads\/2020\/11\/090918_JBS_153a-768x504.jpg 768w\" sizes=\"auto, (max-width: 800px) 100vw, 800px\" \/><\/a><\/figure><\/div>\n\n\n\n<hr class=\"wp-block-separator has-text-color has-gray-color has-css-opacity has-gray-background-color has-background is-style-wide\"\/>\n\n\n\n<p class=\"has-text-align-right has-small-font-size\"><strong><a href=\"https:\/\/juliachodor.com\/ver\/\"><\/a><\/strong><a href=\"https:\/\/juliachodor.com\/pl\/\">\u21b5 Home<\/a><\/p>\n","protected":false},"excerpt":{"rendered":"<p>Wysokiej jako\u015bci zdj\u0119cia Twojej firmy s\u0105 sygna\u0142em dla Twoich Klient\u00f3w, \u017ce oferujesz produkty \/ us\u0142ugi wysokiej jako\u015bci. \u21b5 Home Fotografia Przemys\u0142owa \u21b5 Home<\/p>\n","protected":false},"author":1,"featured_media":0,"parent":0,"menu_order":0,"comment_status":"closed","ping_status":"closed","template":"","meta":{"ngg_post_thumbnail":0,"footnotes":"","_links_to":"","_links_to_target":""},"class_list":["post-310","page","type-page","status-publish","hentry"],"_links":{"self":[{"href":"https:\/\/juliachodor.com\/pl\/wp-json\/wp\/v2\/pages\/310","targetHints":{"allow":["GET"]}}],"collection":[{"href":"https:\/\/juliachodor.com\/pl\/wp-json\/wp\/v2\/pages"}],"about":[{"href":"https:\/\/juliachodor.com\/pl\/wp-json\/wp\/v2\/types\/page"}],"author":[{"embeddable":true,"href":"https:\/\/juliachodor.com\/pl\/wp-json\/wp\/v2\/users\/1"}],"replies":[{"embeddable":true,"href":"https:\/\/juliachodor.com\/pl\/wp-json\/wp\/v2\/comments?post=310"}],"version-history":[{"count":17,"href":"https:\/\/juliachodor.com\/pl\/wp-json\/wp\/v2\/pages\/310\/revisions"}],"predecessor-version":[{"id":4798,"href":"https:\/\/juliachodor.com\/pl\/wp-json\/wp\/v2\/pages\/310\/revisions\/4798"}],"wp:attachment":[{"href":"https:\/\/juliachodor.com\/pl\/wp-json\/wp\/v2\/media?parent=310"}],"curies":[{"name":"wp","href":"https:\/\/api.w.org\/{rel}","templated":true}]}}